{"id":31,"date":"2020-04-13T11:18:52","date_gmt":"2020-04-13T11:18:52","guid":{"rendered":"https:\/\/akupunktur-tcm-rt.de\/index.php\/about\/"},"modified":"2024-05-31T10:23:20","modified_gmt":"2024-05-31T08:23:20","slug":"about","status":"publish","type":"page","link":"https:\/\/akupunktur-tcm-rt.de\/index.php\/about\/","title":{"rendered":"About"},"content":{"rendered":"\t\t<div data-elementor-type=\"wp-page\" data-elementor-id=\"31\" class=\"elementor elementor-31\">\n\t\t\t\t\t\t<section class=\"elementor-section elementor-top-section elementor-element elementor-element-5131a13e elementor-section-boxed elementor-section-height-default elementor-section-height-default\" data-id=\"5131a13e\" data-element_type=\"section\" data-settings=\"{&quot;background_background&quot;:&quot;classic&quot;}\">\n\t\t\t\t\t\t\t<div class=\"elementor-background-overlay\"><\/div>\n\t\t\t\t\t\t\t<div class=\"elementor-container elementor-column-gap-default\">\n\t\t\t\t\t<div class=\"elementor-column elementor-col-100 elementor-top-column elementor-element elementor-element-1053ca7a\" data-id=\"1053ca7a\" data-element_type=\"column\">\n\t\t\t<div class=\"elementor-widget-wrap elementor-element-populated\">\n\t\t\t\t\t\t<div class=\"elementor-element elementor-element-3d99e122 elementor-widget elementor-widget-heading\" data-id=\"3d99e122\" data-element_type=\"widget\" data-widget_type=\"heading.default\">\n\t\t\t\t<div class=\"elementor-widget-container\">\n\t\t\t\t\t<h1 class=\"elementor-heading-title elementor-size-default\">Familientradition<\/h1>\t\t\t\t<\/div>\n\t\t\t\t<\/div>\n\t\t\t\t\t<\/div>\n\t\t<\/div>\n\t\t\t\t\t<\/div>\n\t\t<\/section>\n\t\t\t\t<section class=\"elementor-section elementor-top-section elementor-element elementor-element-22b1f40 elementor-section-boxed elementor-section-height-default elementor-section-height-default\" data-id=\"22b1f40\" data-element_type=\"section\">\n\t\t\t\t\t\t<div class=\"elementor-container elementor-column-gap-default\">\n\t\t\t\t\t<div class=\"elementor-column elementor-col-50 elementor-top-column elementor-element elementor-element-2260276\" data-id=\"2260276\" data-element_type=\"column\">\n\t\t\t<div class=\"elementor-widget-wrap elementor-element-populated\">\n\t\t\t\t\t\t<div class=\"elementor-element elementor-element-596298a elementor-widget elementor-widget-image\" data-id=\"596298a\" data-element_type=\"widget\" data-widget_type=\"image.default\">\n\t\t\t\t<div class=\"elementor-widget-container\">\n\t\t\t\t\t\t\t\t\t\t\t\t\t\t\t<img fetchpriority=\"high\" decoding=\"async\" width=\"400\" height=\"606\" src=\"https:\/\/akupunktur-tcm-rt.de\/wp-content\/uploads\/2022\/07\/dengguicheng1.jpg\" class=\"attachment-large size-large wp-image-1571\" alt=\"\" srcset=\"https:\/\/akupunktur-tcm-rt.de\/wp-content\/uploads\/2022\/07\/dengguicheng1.jpg 400w, https:\/\/akupunktur-tcm-rt.de\/wp-content\/uploads\/2022\/07\/dengguicheng1-198x300.jpg 198w\" sizes=\"(max-width: 400px) 100vw, 400px\" \/>\t\t\t\t\t\t\t\t\t\t\t\t\t\t\t<\/div>\n\t\t\t\t<\/div>\n\t\t\t\t\t<\/div>\n\t\t<\/div>\n\t\t\t\t<div class=\"elementor-column elementor-col-50 elementor-top-column elementor-element elementor-element-5901828\" data-id=\"5901828\" data-element_type=\"column\">\n\t\t\t<div class=\"elementor-widget-wrap elementor-element-populated\">\n\t\t\t\t\t\t<div class=\"elementor-element elementor-element-e76bd12 elementor-widget elementor-widget-text-editor\" data-id=\"e76bd12\" data-element_type=\"widget\" data-widget_type=\"text-editor.default\">\n\t\t\t\t<div class=\"elementor-widget-container\">\n\t\t\t\t\t\t\t\t\t<p>Traditionelle chinesische Medizin als Familientradition<\/p><p>Traditionelle chinesische Medizin ist kein klassisches Unterrichtsfach. Viele Faktoren und eine Menge Erfahrung spielen bei der Lehre eine Rolle und somit ist es unabdingbar, bei einem oder mehreren Meistern des Fachs als Sch\u00fcler die theoretischen Erkenntnisse mit Praxis zu untermauern. Dabei beobachtet man den Behandlungsprozess eines Patienten durch den Meister und erlernt seine Rezepte mit Heilkr\u00e4utern und der Akupunktur, sowie seine Analyseverfahren und Gedankeng\u00e4nge, um sie sp\u00e4ter auf die eigene Methodik zu \u00fcbertragen.<\/p><p>Einer von den besten Meistern Herr Guicheng Deng, ist ein sehr renommierter TCM-Mediziner in Beijing und gleichzeitig Schwiegervater von Shijuan Cui und Vater von Jialong Deng. Er war Oberarzt und Abteilungsleiter der inneren Medizin beim XuanWu TCM Hospital Beijing, dem Lehrkrankenhaus der Beijing University of Chinese Medicine und der Capital Medical University. Aufgrund seiner ausgezeichneten Heilk\u00fcnste und langj\u00e4hrigen klinischen Erfahrungen von \u00fcber 50 Jahren, bekam er von der Beijing Administration of Traditional Chinese Medicine und der Beijing Municipal Commission of Health and Family Planning im August 2017 den Titel \u201eCapital TCM femous doctor\u201c verliehen.<\/p><p>Bei Herrn Guicheng Deng k\u00f6nnen wir das Wissen zu klinischen Behandlungsmethodik erweitern und er gew\u00e4hrte uns einen tiefen Einblick in seinen Erfahrungsschatz der traditionellen chinesischen Medizin. Noch heute stehen wir im regen Austausch, wof\u00fcr wir ihm sehr dankbar sind.<\/p>\t\t\t\t\t\t\t\t<\/div>\n\t\t\t\t<\/div>\n\t\t\t\t\t<\/div>\n\t\t<\/div>\n\t\t\t\t\t<\/div>\n\t\t<\/section>\n\t\t\t\t<\/div>\n\t\t","protected":false},"excerpt":{"rendered":"<p>Familientradition Traditionelle chinesische Medizin als&hellip;&nbsp;<a href=\"https:\/\/akupunktur-tcm-rt.de\/index.php\/about\/\" class=\"\" rel=\"bookmark\">\u9605\u8bfb\u66f4\u591a &raquo;<span class=\"screen-reader-text\">About<\/span><\/a><\/p>\n","protected":false},"author":1,"featured_media":0,"parent":0,"menu_order":0,"comment_status":"closed","ping_status":"closed","template":"","meta":{"neve_meta_sidebar":"","neve_meta_container":"","neve_meta_enable_content_width":"","neve_meta_content_width":0,"neve_meta_title_alignment":"","neve_meta_author_avatar":"","neve_post_elements_order":"","neve_meta_disable_header":"","neve_meta_disable_footer":"","neve_meta_disable_title":"","footnotes":""},"_links":{"self":[{"href":"https:\/\/akupunktur-tcm-rt.de\/index.php\/wp-json\/wp\/v2\/pages\/31"}],"collection":[{"href":"https:\/\/akupunktur-tcm-rt.de\/index.php\/wp-json\/wp\/v2\/pages"}],"about":[{"href":"https:\/\/akupunktur-tcm-rt.de\/index.php\/wp-json\/wp\/v2\/types\/page"}],"author":[{"embeddable":true,"href":"https:\/\/akupunktur-tcm-rt.de\/index.php\/wp-json\/wp\/v2\/users\/1"}],"replies":[{"embeddable":true,"href":"https:\/\/akupunktur-tcm-rt.de\/index.php\/wp-json\/wp\/v2\/comments?post=31"}],"version-history":[{"count":22,"href":"https:\/\/akupunktur-tcm-rt.de\/index.php\/wp-json\/wp\/v2\/pages\/31\/revisions"}],"predecessor-version":[{"id":2322,"href":"https:\/\/akupunktur-tcm-rt.de\/index.php\/wp-json\/wp\/v2\/pages\/31\/revisions\/2322"}],"wp:attachment":[{"href":"https:\/\/akupunktur-tcm-rt.de\/index.php\/wp-json\/wp\/v2\/media?parent=31"}],"curies":[{"name":"wp","href":"https:\/\/api.w.org\/{rel}","templated":true}]}}