{"id":30,"date":"2020-04-13T11:18:54","date_gmt":"2020-04-13T11:18:54","guid":{"rendered":"https:\/\/akupunktur-tcm-rt.de\/index.php\/home-2\/"},"modified":"2026-03-06T09:56:03","modified_gmt":"2026-03-06T08:56:03","slug":"home-2","status":"publish","type":"page","link":"https:\/\/akupunktur-tcm-rt.de\/","title":{"rendered":"Akupunktur und Chinesische Medizin"},"content":{"rendered":"\t\t<div data-elementor-type=\"wp-page\" data-elementor-id=\"30\" class=\"elementor elementor-30\">\n\t\t\t\t\t\t<section class=\"elementor-section elementor-top-section elementor-element elementor-element-5939a86c elementor-section-height-min-height elementor-section-full_width elementor-section-height-default elementor-section-items-middle\" data-id=\"5939a86c\" data-element_type=\"section\" data-settings=\"{&quot;background_background&quot;:&quot;classic&quot;}\">\n\t\t\t\t\t\t\t<div class=\"elementor-background-overlay\"><\/div>\n\t\t\t\t\t\t\t<div class=\"elementor-container elementor-column-gap-no\">\n\t\t\t\t\t<div class=\"elementor-column elementor-col-100 elementor-top-column elementor-element elementor-element-6f6a47a9\" data-id=\"6f6a47a9\" data-element_type=\"column\">\n\t\t\t<div class=\"elementor-widget-wrap elementor-element-populated\">\n\t\t\t\t\t\t<div class=\"elementor-element elementor-element-74d36843 elementor-widget elementor-widget-heading\" data-id=\"74d36843\" data-element_type=\"widget\" data-widget_type=\"heading.default\">\n\t\t\t\t<div class=\"elementor-widget-container\">\n\t\t\t\t\t<h2 class=\"elementor-heading-title elementor-size-xxl\">Praxis f\u00fcr Akupunktur und TCM <\/h2>\t\t\t\t<\/div>\n\t\t\t\t<\/div>\n\t\t\t\t<div class=\"elementor-element elementor-element-da98eec elementor-widget elementor-widget-image-box\" data-id=\"da98eec\" data-element_type=\"widget\" data-widget_type=\"image-box.default\">\n\t\t\t\t<div class=\"elementor-widget-container\">\n\t\t\t\t\t<div class=\"elementor-image-box-wrapper\"><div class=\"elementor-image-box-content\"><p class=\"elementor-image-box-description\">Akupunktur und Traditionelle Chinesische Medizin in Reutlingen und Stuttgart\n\n\n\n\n<\/p><\/div><\/div>\t\t\t\t<\/div>\n\t\t\t\t<\/div>\n\t\t\t\t\t<\/div>\n\t\t<\/div>\n\t\t\t\t\t<\/div>\n\t\t<\/section>\n\t\t\t\t<section class=\"elementor-section elementor-top-section elementor-element elementor-element-312137b elementor-section-boxed elementor-section-height-default elementor-section-height-default\" data-id=\"312137b\" data-element_type=\"section\">\n\t\t\t\t\t\t<div class=\"elementor-container elementor-column-gap-default\">\n\t\t\t\t\t<div class=\"elementor-column elementor-col-100 elementor-top-column elementor-element elementor-element-41fd82b\" data-id=\"41fd82b\" data-element_type=\"column\">\n\t\t\t<div class=\"elementor-widget-wrap elementor-element-populated\">\n\t\t\t\t\t\t<div class=\"elementor-element elementor-element-af4accd elementor-widget elementor-widget-text-editor\" data-id=\"af4accd\" data-element_type=\"widget\" data-widget_type=\"text-editor.default\">\n\t\t\t\t<div class=\"elementor-widget-container\">\n\t\t\t\t\t\t\t\t\t<h5><span style=\"color: #008080;\"><em>Herzlich willkommen auf der Website unserer Praxsen. Hier begr\u00fc\u00dfen Sie Frau Shijuan Cui und Herr Jialong Deng. Wir beide sind Spezialisten f\u00fcr Akupunktur und traditionelle chinesische Medizin mit langj\u00e4hriger Erfahrung. Akupunktur ist unsere Leidenschaft und auch unsere Familientradition.\u00a0 <a href=\"https:\/\/akupunktur-tcm-rt.de\/index.php\/familientradition\/\"><span style=\"text-decoration: underline;\">Weiter lesen.<\/span><\/a>\u00a0<\/em><\/span><\/h5>\t\t\t\t\t\t\t\t<\/div>\n\t\t\t\t<\/div>\n\t\t\t\t\t<\/div>\n\t\t<\/div>\n\t\t\t\t\t<\/div>\n\t\t<\/section>\n\t\t\t\t<section class=\"elementor-section elementor-top-section elementor-element elementor-element-acf5833 elementor-section-boxed elementor-section-height-default elementor-section-height-default\" data-id=\"acf5833\" data-element_type=\"section\">\n\t\t\t\t\t\t<div class=\"elementor-container elementor-column-gap-default\">\n\t\t\t\t\t<div class=\"elementor-column elementor-col-100 elementor-top-column elementor-element elementor-element-2c6210e\" data-id=\"2c6210e\" data-element_type=\"column\">\n\t\t\t<div class=\"elementor-widget-wrap elementor-element-populated\">\n\t\t\t\t\t\t\t<\/div>\n\t\t<\/div>\n\t\t\t\t\t<\/div>\n\t\t<\/section>\n\t\t\t\t<section class=\"elementor-section elementor-top-section elementor-element elementor-element-7e21b87 elementor-section-boxed elementor-section-height-default elementor-section-height-default\" data-id=\"7e21b87\" data-element_type=\"section\" data-settings=\"{&quot;background_background&quot;:&quot;classic&quot;}\">\n\t\t\t\t\t\t<div class=\"elementor-container elementor-column-gap-no\">\n\t\t\t\t\t<div class=\"elementor-column elementor-col-33 elementor-top-column elementor-element elementor-element-ecf0f71\" data-id=\"ecf0f71\" data-element_type=\"column\" data-settings=\"{&quot;background_background&quot;:&quot;classic&quot;}\">\n\t\t\t<div class=\"elementor-widget-wrap elementor-element-populated\">\n\t\t\t\t\t<div class=\"elementor-background-overlay\"><\/div>\n\t\t\t\t\t\t\t<\/div>\n\t\t<\/div>\n\t\t\t\t<div class=\"elementor-column elementor-col-33 elementor-top-column elementor-element elementor-element-8ee04f9\" data-id=\"8ee04f9\" data-element_type=\"column\" data-settings=\"{&quot;background_background&quot;:&quot;classic&quot;}\">\n\t\t\t<div class=\"elementor-widget-wrap elementor-element-populated\">\n\t\t\t\t\t<div class=\"elementor-background-overlay\"><\/div>\n\t\t\t\t\t\t\t<\/div>\n\t\t<\/div>\n\t\t\t\t<div class=\"elementor-column elementor-col-33 elementor-top-column elementor-element elementor-element-aaf2547\" data-id=\"aaf2547\" data-element_type=\"column\" data-settings=\"{&quot;background_background&quot;:&quot;classic&quot;}\">\n\t\t\t<div class=\"elementor-widget-wrap elementor-element-populated\">\n\t\t\t\t\t<div class=\"elementor-background-overlay\"><\/div>\n\t\t\t\t\t\t\t<\/div>\n\t\t<\/div>\n\t\t\t\t\t<\/div>\n\t\t<\/section>\n\t\t\t\t<section class=\"elementor-section elementor-top-section elementor-element elementor-element-3be2242 elementor-section-boxed elementor-section-height-default elementor-section-height-default\" data-id=\"3be2242\" data-element_type=\"section\">\n\t\t\t\t\t\t<div class=\"elementor-container elementor-column-gap-default\">\n\t\t\t\t\t<div class=\"elementor-column elementor-col-100 elementor-top-column elementor-element elementor-element-158a2d7\" data-id=\"158a2d7\" data-element_type=\"column\">\n\t\t\t<div class=\"elementor-widget-wrap elementor-element-populated\">\n\t\t\t\t\t\t<div class=\"elementor-element elementor-element-051b8c7 elementor-widget elementor-widget-text-editor\" data-id=\"051b8c7\" data-element_type=\"widget\" data-widget_type=\"text-editor.default\">\n\t\t\t\t<div class=\"elementor-widget-container\">\n\t\t\t\t\t\t\t\t\t<p>Sowohl die Schulmedizin als auch die\u00a0<i>Naturheilkunde<\/i>\u00a0hat die sanfte Heilkraft dieser traditionellen, chinesischen Heilmethode entdeckt und als hocheffiziente und dabei nebenwirkungsarme Therapie fest etabliert. Laut der Weltgesundheitsorganisation (WHO) sind mehr als 40 Krankheitsbilder bekannt, bei denen Akupunktur als wirksame Therapieform anerkannt ist. Die Forschung zu diesem Thema ist noch l\u00e4ngst nicht abgeschlossen, doch weisen viele klinische Studien die\u00a0Wirksamkeit der Akupunktur\u00a0z.B. bei durch Kniegelenksarthrose bedingten Schmerzen, bei chronischen tiefen R\u00fcckenschmerzen und bei der Prophylaxe von Migr\u00e4neattacken nach. Bei diesen Beschwerden ist die Wirksamkeit von Akupunktur deutlich h\u00f6her als die einer schulmedizinischen Behandlung.<\/p><p>Der Akupunkurtherapeut ber\u00fccksichtigt wie der Heilpraktiker die Zusammenh\u00e4nge zwischen der Natur und dem kranken Menschen. Eine Akupunkturbehandlung hat zum Ziel, den Organismus auszugleichen, die Harmonie zwischen Geist und K\u00f6rper mit seinem Umfeld wieder herzustellen und gegen sch\u00e4digende Einfl\u00fcsse widerstandsf\u00e4higer zu machen.<\/p><p>Die Traditionelle Chinesische Medizin ist eine der \u00e4ltesten Heilk\u00fcnste und stammt aus China vor ca. 3000 Jahre. Sie verf\u00fcgt \u00fcber ein breites Indikationsspektrum, aber die Nebenwirkungen bleiben fast vollst\u00e4ndig aus. Dies stimmt mit dem modernen gesundheitlichen Lebensstil \u00fcberein. Sie betont eine ganzheitliche Betrachtungsweise sowie eine individuelle Therapieslogik um Erkrankungen an ihren Wurzeln zu behandeln. Die TCM ist die Weisheit nicht nur von den Chinesen, sondern auch von der gesamten Menschheit.<\/p><p>Die Behandlungsmethoden der TCM schlie\u00dfen zwei Richtungen ein: von innen \u2013 Heilkr\u00e4uter einnehmen \u2013 chinesische Kr\u00e4utertherapie, von au\u00dfen \u2013 K\u00f6perfl\u00e4che mit Instrumenten (z.B. Nadeln, Gl\u00e4\u00dfer ect.) oder mit den H\u00e4nden stimulieren \u2013 Akupunktur , Tuina Massage, Moxibustion, Schr\u00f6pfen, Guasha ect. Jede Methode hat ihre eigenen Vorteile. Wenn man sie gut kombiniert benutzt, bekommt man oft einen besseren Erfolg. In meiner Praxis werden diese Behandlungsmethoden mit Schwerpunkt Akupunktur und Kr\u00e4utertherapie verwendet.<\/p><p>Bei der TCM steht der Menschen immer im Mittelpunkt. Ich freue mich auf Ihren Besuch und werde Ihnen eine Behandlung mit hoher Qualit\u00e4t anbieten.<\/p>\t\t\t\t\t\t\t\t<\/div>\n\t\t\t\t<\/div>\n\t\t\t\t\t<\/div>\n\t\t<\/div>\n\t\t\t\t\t<\/div>\n\t\t<\/section>\n\t\t\t\t<section class=\"elementor-section elementor-top-section elementor-element elementor-element-e8ca759 elementor-section-boxed elementor-section-height-default elementor-section-height-default\" data-id=\"e8ca759\" data-element_type=\"section\">\n\t\t\t\t\t\t<div class=\"elementor-container elementor-column-gap-default\">\n\t\t\t\t\t<div class=\"elementor-column elementor-col-50 elementor-top-column elementor-element elementor-element-8623f2b\" data-id=\"8623f2b\" data-element_type=\"column\">\n\t\t\t<div class=\"elementor-widget-wrap elementor-element-populated\">\n\t\t\t\t\t\t<div class=\"elementor-element elementor-element-cdaebc9 elementor-widget elementor-widget-text-editor\" data-id=\"cdaebc9\" data-element_type=\"widget\" data-widget_type=\"text-editor.default\">\n\t\t\t\t<div class=\"elementor-widget-container\">\n\t\t\t\t\t\t\t\t\t<h6><span style=\"color: #008080;\">Praxis f\u00fcr Akupunktur und TCM\u00a0<\/span><\/h6><h6><span style=\"color: #008080;\">Heilpraktiker Jialong Deng<\/span><\/h6><h6><span style=\"color: #008080;\">Heilpraktikerin Shijuan Cui (Momentan kann Frau Cui keine Termine anbieten)<\/span><\/h6>\t\t\t\t\t\t\t\t<\/div>\n\t\t\t\t<\/div>\n\t\t\t\t\t<\/div>\n\t\t<\/div>\n\t\t\t\t<div class=\"elementor-column elementor-col-50 elementor-top-column elementor-element elementor-element-75e5463\" data-id=\"75e5463\" data-element_type=\"column\">\n\t\t\t<div class=\"elementor-widget-wrap elementor-element-populated\">\n\t\t\t\t\t\t<div class=\"elementor-element elementor-element-a746605 elementor-widget elementor-widget-text-editor\" data-id=\"a746605\" data-element_type=\"widget\" data-widget_type=\"text-editor.default\">\n\t\t\t\t<div class=\"elementor-widget-container\">\n\t\t\t\t\t\t\t\t\t<h6><span style=\"color: #008080;\">Akupunktur in Reutlingen\u00a0 &#8212;\u00a0 Lederstra\u00dfe 98 72764 Reutlingen\u00a0<\/span><\/h6><p><span style=\"color: #008080;\">Tel: 07121-5819250 \/ 017672918717 (Mittwoch -Freitag)<\/span><\/p><p><span style=\"color: #008080;\">E-Mail: info@akupunktur-tcm-rt.de<\/span><\/p><p><span style=\"color: #008080;\">\u00a0 \u00a0 \u00a0 \u00a0 \u00a0 \u00a0 info.stg@akupunktur-tcm-rt.de<\/span><\/p>\t\t\t\t\t\t\t\t<\/div>\n\t\t\t\t<\/div>\n\t\t\t\t\t<\/div>\n\t\t<\/div>\n\t\t\t\t\t<\/div>\n\t\t<\/section>\n\t\t\t\t<section class=\"elementor-section elementor-top-section elementor-element elementor-element-3dbd30d elementor-section-boxed elementor-section-height-default elementor-section-height-default\" data-id=\"3dbd30d\" data-element_type=\"section\">\n\t\t\t\t\t\t<div class=\"elementor-container elementor-column-gap-default\">\n\t\t\t\t\t<div class=\"elementor-column elementor-col-50 elementor-top-column elementor-element elementor-element-4d7bc46\" data-id=\"4d7bc46\" data-element_type=\"column\">\n\t\t\t<div class=\"elementor-widget-wrap elementor-element-populated\">\n\t\t\t\t\t\t<div class=\"elementor-element elementor-element-d46d7a9 elementor-widget elementor-widget-heading\" data-id=\"d46d7a9\" data-element_type=\"widget\" data-widget_type=\"heading.default\">\n\t\t\t\t<div class=\"elementor-widget-container\">\n\t\t\t\t\t<h2 class=\"elementor-heading-title elementor-size-medium\"><a href=\"https:\/\/akupunktur-tcm-rt.de\/index.php\/datenschutz\/\">Datenschutz<\/a><\/h2>\t\t\t\t<\/div>\n\t\t\t\t<\/div>\n\t\t\t\t\t<\/div>\n\t\t<\/div>\n\t\t\t\t<div class=\"elementor-column elementor-col-50 elementor-top-column elementor-element elementor-element-6eb8487\" data-id=\"6eb8487\" data-element_type=\"column\">\n\t\t\t<div class=\"elementor-widget-wrap elementor-element-populated\">\n\t\t\t\t\t\t<div class=\"elementor-element elementor-element-e4d2f59 elementor-widget elementor-widget-heading\" data-id=\"e4d2f59\" data-element_type=\"widget\" data-widget_type=\"heading.default\">\n\t\t\t\t<div class=\"elementor-widget-container\">\n\t\t\t\t\t<h2 class=\"elementor-heading-title elementor-size-medium\"><a href=\"https:\/\/akupunktur-tcm-rt.de\/index.php\/datenschutz\/\">Impressum<\/a><\/h2>\t\t\t\t<\/div>\n\t\t\t\t<\/div>\n\t\t\t\t\t<\/div>\n\t\t<\/div>\n\t\t\t\t\t<\/div>\n\t\t<\/section>\n\t\t\t\t<\/div>\n\t\t","protected":false},"excerpt":{"rendered":"<p>Praxis f\u00fcr Akupunktur und TCM Akupunktur und Traditione&hellip;&nbsp;<a href=\"https:\/\/akupunktur-tcm-rt.de\/\" class=\"\" rel=\"bookmark\">\u9605\u8bfb\u66f4\u591a &raquo;<span class=\"screen-reader-text\">Akupunktur und Chinesische Medizin<\/span><\/a><\/p>\n","protected":false},"author":1,"featured_media":1678,"parent":0,"menu_order":0,"comment_status":"closed","ping_status":"closed","template":"","meta":{"neve_meta_sidebar":"","neve_meta_container":"","neve_meta_enable_content_width":"","neve_meta_content_width":0,"neve_meta_title_alignment":"","neve_meta_author_avatar":"","neve_post_elements_order":"","neve_meta_disable_header":"","neve_meta_disable_footer":"","neve_meta_disable_title":"","footnotes":""},"_links":{"self":[{"href":"https:\/\/akupunktur-tcm-rt.de\/index.php\/wp-json\/wp\/v2\/pages\/30"}],"collection":[{"href":"https:\/\/akupunktur-tcm-rt.de\/index.php\/wp-json\/wp\/v2\/pages"}],"about":[{"href":"https:\/\/akupunktur-tcm-rt.de\/index.php\/wp-json\/wp\/v2\/types\/page"}],"author":[{"embeddable":true,"href":"https:\/\/akupunktur-tcm-rt.de\/index.php\/wp-json\/wp\/v2\/users\/1"}],"replies":[{"embeddable":true,"href":"https:\/\/akupunktur-tcm-rt.de\/index.php\/wp-json\/wp\/v2\/comments?post=30"}],"version-history":[{"count":221,"href":"https:\/\/akupunktur-tcm-rt.de\/index.php\/wp-json\/wp\/v2\/pages\/30\/revisions"}],"predecessor-version":[{"id":2471,"href":"https:\/\/akupunktur-tcm-rt.de\/index.php\/wp-json\/wp\/v2\/pages\/30\/revisions\/2471"}],"wp:featuredmedia":[{"embeddable":true,"href":"https:\/\/akupunktur-tcm-rt.de\/index.php\/wp-json\/wp\/v2\/media\/1678"}],"wp:attachment":[{"href":"https:\/\/akupunktur-tcm-rt.de\/index.php\/wp-json\/wp\/v2\/media?parent=30"}],"curies":[{"name":"wp","href":"https:\/\/api.w.org\/{rel}","templated":true}]}}