{"id":2218,"date":"2024-03-01T13:48:28","date_gmt":"2024-03-01T12:48:28","guid":{"rendered":"https:\/\/akupunktur-tcm-rt.de\/?page_id=2218"},"modified":"2024-03-01T13:50:38","modified_gmt":"2024-03-01T12:50:38","slug":"elementor-2218","status":"publish","type":"page","link":"https:\/\/akupunktur-tcm-rt.de\/index.php\/elementor-2218\/","title":{"rendered":"Elementor #2218"},"content":{"rendered":"\t\t<div data-elementor-type=\"wp-page\" data-elementor-id=\"2218\" class=\"elementor elementor-2218\">\n\t\t\t\t\t\t<section class=\"elementor-section elementor-top-section elementor-element elementor-element-570eb8e elementor-section-boxed elementor-section-height-default elementor-section-height-default\" data-id=\"570eb8e\" data-element_type=\"section\">\n\t\t\t\t\t\t<div class=\"elementor-container elementor-column-gap-default\">\n\t\t\t\t\t<div class=\"elementor-column elementor-col-100 elementor-top-column elementor-element elementor-element-43bcdab\" data-id=\"43bcdab\" data-element_type=\"column\">\n\t\t\t<div class=\"elementor-widget-wrap elementor-element-populated\">\n\t\t\t\t\t\t<div class=\"elementor-element elementor-element-901cf28 elementor-widget elementor-widget-heading\" data-id=\"901cf28\" data-element_type=\"widget\" data-widget_type=\"heading.default\">\n\t\t\t\t<div class=\"elementor-widget-container\">\n\t\t\t\t\t<h2 class=\"elementor-heading-title elementor-size-default\">Augmentierte Akupunktur gegen Allergie<\/h2>\t\t\t\t<\/div>\n\t\t\t\t<\/div>\n\t\t\t\t\t<\/div>\n\t\t<\/div>\n\t\t\t\t\t<\/div>\n\t\t<\/section>\n\t\t\t\t<section class=\"elementor-section elementor-top-section elementor-element elementor-element-9ea3533 elementor-section-boxed elementor-section-height-default elementor-section-height-default\" data-id=\"9ea3533\" data-element_type=\"section\">\n\t\t\t\t\t\t<div class=\"elementor-container elementor-column-gap-default\">\n\t\t\t\t\t<div class=\"elementor-column elementor-col-100 elementor-top-column elementor-element elementor-element-3edf5c6\" data-id=\"3edf5c6\" data-element_type=\"column\">\n\t\t\t<div class=\"elementor-widget-wrap elementor-element-populated\">\n\t\t\t\t\t\t<div class=\"elementor-element elementor-element-991e5e3 elementor-widget elementor-widget-text-editor\" data-id=\"991e5e3\" data-element_type=\"widget\" data-widget_type=\"text-editor.default\">\n\t\t\t\t<div class=\"elementor-widget-container\">\n\t\t\t\t\t\t\t\t\t<p>Bei der augmentierten Akupunktur (verst\u00e4rkte Akupunktur) handelt es sich um eine Therapie basiert auf einer Kombination aus Akupunktur, Neuraltherapie und Elektrostimulation bei Heuschnupfen bzw. Pollenallergie.\u00a0<\/p><p>Dr. Dusan Covic entwickelte die augmentierte Akupunktur und untersuchte deren Wirksamkeit mittels einer Doppelblindstudie an der Universit\u00e4t Freiburg, an der \u00fcber 3000 Allergiker mit teilweise akuten allergischen Symptomen der oberen Atemwege teilnahmen. Die Universit\u00e4tsstudie wies eine Wirksamkeit der augmentierten Akupunktur bei \u00fcber 75% der Probanden nach. Nebenwirkungen der augmentierten Akupunktur traten selten auf.<\/p><p>Zun\u00e4chst werden neben dem siebten Halswirbel zwei Akupunkturpunkte\u00a0aufgesucht, die lokal bet\u00e4ubt werden. Anschlie\u00dfend setzt man Akupunkturnadeln, um dort einen leichten Stromimpuls geben zu k\u00f6nnen. Dank der lokalen An\u00e4sthesie wird das Schmerzempfinden so weit herabgesetzt, dass mit der bis zu 10-fachen Akupunktur-Reizst\u00e4rke als sonst \u00fcblich, gearbeitet werden kann.<\/p><p>Die hierdurch erreichte Verst\u00e4rkung der Akupunktur beschreibt das Prinzip der augmentierten Akupunktur. Der lindernde Effekt tritt oft schon nach wenigen Stunden bis Tagen ein und kann \u00fcber Wochen anhalten.<\/p><p>Die Wirkung dieser einmaligen Akupunktur behandelt die Symptome der Allergie, nicht die Ursache der Allergie.<\/p><p>Mit Hilfe des Elektroakupunkturger\u00e4ts werden zwei korrespondierende Akupunkturpunkte im Nackenbereich des Patienten durch eine elektronische Messung ermittelt. Diese beiden Punkte werden neuraltherapeutisch mit einer geringen Menge eines Lokalan\u00e4sthetikums (Procain) durch Quaddelung (oberfl\u00e4chliche Injektion in die oberen Hautschichten) bet\u00e4ubt, und dann zwei Akupunkturnadeln eingesetzt. Anschlie\u00dfend erfolgt eine kurze elektrische Stimulation &#8211; wenige Sekunden &#8211; \u00fcber die beiden Akupunkturnadeln mit dem Elektroakupunkturger\u00e4t.<\/p><p><strong><b>Welche Voraussetzungen sollten vorliegen?<\/b><\/strong><\/p><p>Vorliegen der allergischen Symptome zum Zeitpunkt der Behandlung (oder einige Tage zuvor). Optimal ist ein Absetzen von antiallergischen Medikamenten 1-2 Tage vor der Behandlung (falls im Einzelfall m\u00f6glich; ggf. R\u00fccksprache mit mir, da Absetzen nicht immer m\u00f6glich ist), auch\u00a0Augentropfen oder Nasenspray vermeiden.<\/p><p>\u200b<strong><b>Gibt es Kontraindikationen und Einschr\u00e4nkungen?<\/b><\/strong><\/p><p>Schwangere<\/p><p>S\u00e4uglinge und Kleinkinder<\/p><p>Tr\u00e4ger eines Herzschrittmachers<\/p><p>Unvertr\u00e4glichkeit von Lokalan\u00e4sthetika &#8211; Procain<\/p><p><strong><b>Gibt es Nebenwirkungen?<\/b><\/strong><\/p><p>Gelegentlich kann ein kleiner blauer Fleck an der Einstichstelle entstehen, der nach wenigen Tagen wieder verschwindet. Auch kann ein leichter Muskelkater im behandelten Bereich (R\u00fccken, Nacken) auftreten, der nach 1-2 Tagen wieder verschwindet.<\/p><p><strong><b>Wir bieten diese Leistung als Individuelle Gesundheitsleistung an. Bei Fragen wenden Sie sich bitte an unser kompetentes Praxisteam.<\/b><\/strong><\/p>\t\t\t\t\t\t\t\t<\/div>\n\t\t\t\t<\/div>\n\t\t\t\t\t<\/div>\n\t\t<\/div>\n\t\t\t\t\t<\/div>\n\t\t<\/section>\n\t\t\t\t<\/div>\n\t\t","protected":false},"excerpt":{"rendered":"<p>Augmentierte Akupunktur gegen Allergie Bei der augmenti&hellip;&nbsp;<a href=\"https:\/\/akupunktur-tcm-rt.de\/index.php\/elementor-2218\/\" class=\"\" rel=\"bookmark\">\u9605\u8bfb\u66f4\u591a &raquo;<span class=\"screen-reader-text\">Elementor #2218<\/span><\/a><\/p>\n","protected":false},"author":1,"featured_media":0,"parent":0,"menu_order":0,"comment_status":"closed","ping_status":"closed","template":"","meta":{"neve_meta_sidebar":"","neve_meta_container":"","neve_meta_enable_content_width":"","neve_meta_content_width":0,"neve_meta_title_alignment":"","neve_meta_author_avatar":"","neve_post_elements_order":"","neve_meta_disable_header":"","neve_meta_disable_footer":"","neve_meta_disable_title":"","footnotes":""},"_links":{"self":[{"href":"https:\/\/akupunktur-tcm-rt.de\/index.php\/wp-json\/wp\/v2\/pages\/2218"}],"collection":[{"href":"https:\/\/akupunktur-tcm-rt.de\/index.php\/wp-json\/wp\/v2\/pages"}],"about":[{"href":"https:\/\/akupunktur-tcm-rt.de\/index.php\/wp-json\/wp\/v2\/types\/page"}],"author":[{"embeddable":true,"href":"https:\/\/akupunktur-tcm-rt.de\/index.php\/wp-json\/wp\/v2\/users\/1"}],"replies":[{"embeddable":true,"href":"https:\/\/akupunktur-tcm-rt.de\/index.php\/wp-json\/wp\/v2\/comments?post=2218"}],"version-history":[{"count":4,"href":"https:\/\/akupunktur-tcm-rt.de\/index.php\/wp-json\/wp\/v2\/pages\/2218\/revisions"}],"predecessor-version":[{"id":2222,"href":"https:\/\/akupunktur-tcm-rt.de\/index.php\/wp-json\/wp\/v2\/pages\/2218\/revisions\/2222"}],"wp:attachment":[{"href":"https:\/\/akupunktur-tcm-rt.de\/index.php\/wp-json\/wp\/v2\/media?parent=2218"}],"curies":[{"name":"wp","href":"https:\/\/api.w.org\/{rel}","templated":true}]}}