{"id":2124,"date":"2023-11-16T14:24:07","date_gmt":"2023-11-16T13:24:07","guid":{"rendered":"https:\/\/akupunktur-tcm-rt.de\/?page_id=2124"},"modified":"2023-11-16T14:28:50","modified_gmt":"2023-11-16T13:28:50","slug":"fazialisparese-bzw-gesichtslahmung","status":"publish","type":"page","link":"https:\/\/akupunktur-tcm-rt.de\/index.php\/fazialisparese-bzw-gesichtslahmung\/","title":{"rendered":"Fazialisparese bzw. Gesichtsl\u00e4hmung"},"content":{"rendered":"\t\t<div data-elementor-type=\"wp-page\" data-elementor-id=\"2124\" class=\"elementor elementor-2124\">\n\t\t\t\t\t\t<section class=\"elementor-section elementor-top-section elementor-element elementor-element-418ebca elementor-section-boxed elementor-section-height-default elementor-section-height-default\" data-id=\"418ebca\" data-element_type=\"section\">\n\t\t\t\t\t\t<div class=\"elementor-container elementor-column-gap-default\">\n\t\t\t\t\t<div class=\"elementor-column elementor-col-100 elementor-top-column elementor-element elementor-element-54919e0\" data-id=\"54919e0\" data-element_type=\"column\">\n\t\t\t<div class=\"elementor-widget-wrap elementor-element-populated\">\n\t\t\t\t\t\t<div class=\"elementor-element elementor-element-4cb864e elementor-widget elementor-widget-heading\" data-id=\"4cb864e\" data-element_type=\"widget\" data-widget_type=\"heading.default\">\n\t\t\t\t<div class=\"elementor-widget-container\">\n\t\t\t\t\t<h2 class=\"elementor-heading-title elementor-size-default\">Fazialisparese bzw. Gesichtsl\u00e4hmung<\/h2>\t\t\t\t<\/div>\n\t\t\t\t<\/div>\n\t\t\t\t\t<\/div>\n\t\t<\/div>\n\t\t\t\t\t<\/div>\n\t\t<\/section>\n\t\t\t\t<section class=\"elementor-section elementor-top-section elementor-element elementor-element-4224120 elementor-section-boxed elementor-section-height-default elementor-section-height-default\" data-id=\"4224120\" data-element_type=\"section\">\n\t\t\t\t\t\t<div class=\"elementor-container elementor-column-gap-default\">\n\t\t\t\t\t<div class=\"elementor-column elementor-col-100 elementor-top-column elementor-element elementor-element-c883070\" data-id=\"c883070\" data-element_type=\"column\">\n\t\t\t<div class=\"elementor-widget-wrap elementor-element-populated\">\n\t\t\t\t\t\t<div class=\"elementor-element elementor-element-fdd9ce1 elementor-widget elementor-widget-text-editor\" data-id=\"fdd9ce1\" data-element_type=\"widget\" data-widget_type=\"text-editor.default\">\n\t\t\t\t<div class=\"elementor-widget-container\">\n\t\t\t\t\t\t\t\t\t<h3><strong>Ursachen und Risikofaktoren<\/strong><\/h3><p>Der Nervus facialis kann an unterschiedlichen Stellen in seinem Verlauf gesch\u00e4digt sein, entweder innerhalb des Sch\u00e4dels (zentrale Parese) oder im Bereich seines \u00e4u\u00dferen Verlaufes (periphere Parese). Dementsprechend k\u00f6nnen auch die Symptome unterschiedlich stark ausgepr\u00e4gt sein und umfassen herabh\u00e4ngende Mundwinkel, Probleme mit dem Stirnrunzeln oder dem Lidschluss bis hin zum kompletten Ausfall der mimischen Muskulatur. Auch Geschmacksst\u00f6rungen k\u00f6nnen auftreten.<\/p><p>Die Medizin differenziert zwei verschiedene Formen der Fazialisparese:<\/p><p>Zentrale Fazialisparese:\u00a0Die Sch\u00e4digung betrifft das Gehirn. M\u00f6gliche Ursachen sind:<\/p><ul><li>Schlaganfall (Hirninfarkt, Hirnblutung): Die Blutversorgung des Gehirns ist pl\u00f6tzlich unterbrochen, die Folge sind Ausf\u00e4lle des zentralen Nervensystems und eventuell L\u00e4hmungserscheinungen bestimmter K\u00f6rperteile.<\/li><li>Gehirntumor: Eine Geschwulst kann die Hirnregion beeintr\u00e4chtigen, die den Nervus facialis steuert.<\/li><\/ul><p>Periphere Fazialisparese:\u00a0Der Gesichtsnerv direkt ist besch\u00e4digt. In 70 Prozent der F\u00e4lle entsteht die Gesichtsl\u00e4hmung als Folge des peripher gesch\u00e4digten Gesichtsnervs idiopathisch, also ohne eindeutig erkennbaren Ausl\u00f6ser. In den \u00fcbrigen rund 30 Prozent ist die Fazialisparese Folge einer infekti\u00f6sen oder entz\u00fcndlichen Erkrankung, wenn diese neben bestimmten Organen auch den Gesichtsnerv betrifft. Die L\u00e4hmungserscheinungen im Gesicht treten dann akut neben anderen typischen Symptomen auf. Ursachen der entz\u00fcndlich bedingten peripheren Fazialisparese k\u00f6nnen sein:<\/p><ul><li>Infektion mit den Viren Herpes Simplex,\u00a0<a href=\"https:\/\/www.usz.ch\/krankheit\/guertelrose\/\">Herpes Zoster (G\u00fcrtelrose)<\/a>oder dessen Sonderform Zoster oticus, der speziell den Ohrbereich angreift. Er f\u00fchrt in zwei Drittel der F\u00e4lle zu einer Gesichtsl\u00e4hmung.<\/li><li>Borreliose, verursacht durch das durch Zecken \u00fcbertragene Bakterium Borrelia burgdorferi.<\/li><li>Mittelohrentz\u00fcndung:\u00a0Sie greift manchmal auf die Ver\u00e4stelung des Nervus facialis \u00fcber, der zwischen Paukenh\u00f6hle und Warzenfortsatz verl\u00e4uft.<\/li><li>Hirnhautentz\u00fcndung:\u00a0Sie kann auf den Nervus facialis \u00fcbergreifen.<\/li><li>Melkersson-Rosenthal-Syndrom:\u00a0Eine entz\u00fcndliche Erkrankung unbekannter Ursache mit vielf\u00e4ltigen Symptomen, darunter manchmal Gesichtsl\u00e4hmung.<\/li><li><a href=\"https:\/\/www.usz.ch\/krankheit\/sarkoidose\/\">Sarkoidose<\/a>:\u00a0Die Erkrankung des Bindegewebes bef\u00e4llt in der Regel mehrere Organe und kann die Fazialisparese ausl\u00f6sen.<\/li><li>Sj\u00f6gren-Syndrom:\u00a0K\u00f6rpereigene Immunzellen greifen die Speichel- und Tr\u00e4nendr\u00fcsen an.\u00a0Eine L\u00e4hmung des Gesichtsnervs kann eine der Folgen sein.<\/li><\/ul><p>Auch eine\u00a0Nervenverletzung, beispielsweise nach einem Sch\u00e4delbruch oder einer Weichteilverletzung,\u00a0kann zu einer peripheren Fazialisparese f\u00fchren.<\/p>\t\t\t\t\t\t\t\t<\/div>\n\t\t\t\t<\/div>\n\t\t\t\t\t<\/div>\n\t\t<\/div>\n\t\t\t\t\t<\/div>\n\t\t<\/section>\n\t\t\t\t<section class=\"elementor-section elementor-top-section elementor-element elementor-element-d53ac0f elementor-section-boxed elementor-section-height-default elementor-section-height-default\" data-id=\"d53ac0f\" data-element_type=\"section\">\n\t\t\t\t\t\t<div class=\"elementor-container elementor-column-gap-default\">\n\t\t\t\t\t<div class=\"elementor-column elementor-col-100 elementor-top-column elementor-element elementor-element-ad53fb5\" data-id=\"ad53fb5\" data-element_type=\"column\">\n\t\t\t<div class=\"elementor-widget-wrap elementor-element-populated\">\n\t\t\t\t\t\t<div class=\"elementor-element elementor-element-feafc9f elementor-widget elementor-widget-text-editor\" data-id=\"feafc9f\" data-element_type=\"widget\" data-widget_type=\"text-editor.default\">\n\t\t\t\t<div class=\"elementor-widget-container\">\n\t\t\t\t\t\t\t\t\t<h3>Symptome: Meist einseitig gel\u00e4hmte Mimik<\/h3><p>Eine Fazialisparese entwickelt sich in der Regel innerhalb von 24 bis 48 Stunden. Oft beginnt sie mit Schmerzen hinter dem Ohr. Hauptsymptom ist die L\u00e4hmung der Muskeln auf einer H\u00e4lfte Ihres Gesichts. Meist ist die Seite betroffen, wo der Nerv gesch\u00e4digt ist. Das bedeutet, Sie k\u00f6nnen nur unter M\u00fche l\u00e4cheln, sprechen, pfeifen, die Nase r\u00fcmpfen, die Stirn oder runzeln, blinzeln. Meist h\u00e4ngt ein Mundwinkel herunter, eine kleine Region hinter dem Ohr zeigt eine gest\u00f6rte Empfindung.<\/p><p>Zudem k\u00f6nnen\u00a0folgende Symptome\u00a0auftreten:<\/p><ul><li>Insgesamt asymmetrische Gesichtspartie<\/li><li>Sie k\u00f6nnen ein Auge nicht mehr komplett schliessen.<\/li><li>Wenn Sie das Lid nur unvollst\u00e4ndig schliessen k\u00f6nnen, bewegt sich der Augapfel nach oben (positives Bell-Ph\u00e4nomen).<\/li><li>Da Ihre Wangen- und Lippenmuskulatur gel\u00e4hmt sind, k\u00f6nnen Sie nur schwer sprechen.<\/li><li>Die Haut zwischen Nase und Mundwinkel sowie auf der Stirn ist pl\u00f6tzlich faltenfrei.<\/li><li>Sie sind \u00fcberempfindlich gegen\u00fcber Ger\u00e4uschen.<\/li><li>Ihr Geschmackssinn ist gest\u00f6rt.<\/li><li>Sie bilden weniger Tr\u00e4nenfl\u00fcssigkeit und Speichel.<\/li><\/ul><p>Ist die zentrale Fazialisparese (Sch\u00e4digung der Nervenzellen im Gehirn) Ausl\u00f6ser der Gesichtsl\u00e4hmung, betrifft sie vor allem die mimische Muskulatur im Mundbereich. Dann k\u00f6nnen Sie Ihre Stirnmuskulatur nach wie vor bewegen.<\/p>\t\t\t\t\t\t\t\t<\/div>\n\t\t\t\t<\/div>\n\t\t\t\t\t<\/div>\n\t\t<\/div>\n\t\t\t\t\t<\/div>\n\t\t<\/section>\n\t\t\t\t<section class=\"elementor-section elementor-top-section elementor-element elementor-element-2ab609f elementor-section-boxed elementor-section-height-default elementor-section-height-default\" data-id=\"2ab609f\" data-element_type=\"section\">\n\t\t\t\t\t\t<div class=\"elementor-container elementor-column-gap-default\">\n\t\t\t\t\t<div class=\"elementor-column elementor-col-100 elementor-top-column elementor-element elementor-element-a5be14e\" data-id=\"a5be14e\" data-element_type=\"column\">\n\t\t\t<div class=\"elementor-widget-wrap elementor-element-populated\">\n\t\t\t\t\t\t<div class=\"elementor-element elementor-element-237aa6b elementor-widget elementor-widget-image\" data-id=\"237aa6b\" data-element_type=\"widget\" data-widget_type=\"image.default\">\n\t\t\t\t<div class=\"elementor-widget-container\">\n\t\t\t\t\t\t\t\t\t\t\t\t\t\t\t<img fetchpriority=\"high\" decoding=\"async\" width=\"881\" height=\"611\" src=\"https:\/\/akupunktur-tcm-rt.de\/wp-content\/uploads\/2023\/11\/\u6355\u83b7.jpg\" class=\"attachment-large size-large wp-image-2126\" alt=\"\" srcset=\"https:\/\/akupunktur-tcm-rt.de\/wp-content\/uploads\/2023\/11\/\u6355\u83b7.jpg 881w, https:\/\/akupunktur-tcm-rt.de\/wp-content\/uploads\/2023\/11\/\u6355\u83b7-300x208.jpg 300w, https:\/\/akupunktur-tcm-rt.de\/wp-content\/uploads\/2023\/11\/\u6355\u83b7-768x533.jpg 768w\" sizes=\"(max-width: 881px) 100vw, 881px\" \/>\t\t\t\t\t\t\t\t\t\t\t\t\t\t\t<\/div>\n\t\t\t\t<\/div>\n\t\t\t\t\t<\/div>\n\t\t<\/div>\n\t\t\t\t\t<\/div>\n\t\t<\/section>\n\t\t\t\t<section class=\"elementor-section elementor-top-section elementor-element elementor-element-f0ea6d5 elementor-section-boxed elementor-section-height-default elementor-section-height-default\" data-id=\"f0ea6d5\" data-element_type=\"section\">\n\t\t\t\t\t\t<div class=\"elementor-container elementor-column-gap-default\">\n\t\t\t\t\t<div class=\"elementor-column elementor-col-100 elementor-top-column elementor-element elementor-element-7a6c9cb\" data-id=\"7a6c9cb\" data-element_type=\"column\">\n\t\t\t<div class=\"elementor-widget-wrap elementor-element-populated\">\n\t\t\t\t\t\t<div class=\"elementor-element elementor-element-7451c48 elementor-widget elementor-widget-text-editor\" data-id=\"7451c48\" data-element_type=\"widget\" data-widget_type=\"text-editor.default\">\n\t\t\t\t<div class=\"elementor-widget-container\">\n\t\t\t\t\t\t\t\t\t<h3><strong>Behandlung mit Akupunktur<\/strong><\/h3><p>Die verschiedenen Techniken der <a href=\"https:\/\/www.klassische-medizin.de\/therapie\/akupunktur.html\">Akupunktur<\/a>\u00a0sind ein wichtiger Bestandteil in der Behandlung der Fazialisparese. Je nachdem, ob die Beschwerden sehr akut oder schon l\u00e4nger bestehen, kommen individuelle Kombinationen von Akupunkturpunkten im Gesicht oder auch fern ab davon zum Einsatz.<\/p><p>Weitere Behandlungsverfahren wie\u00a0<a href=\"https:\/\/www.klassische-medizin.de\/therapie\/chinesische-arzneimittel.html\">chinesische Arzneimittel<\/a>,\u00a0<a href=\"https:\/\/www.klassische-medizin.de\/therapie\/moxibustion.html\">Moxibustion<\/a>,\u00a0<a href=\"https:\/\/www.klassische-medizin.de\/therapie\/schroepfen.html\">Schr\u00f6pfen<\/a>,\u00a0<a href=\"https:\/\/www.klassische-medizin.de\/therapie\/osteopathie.html\">Faszien-Osteopathie (FDM)<\/a>\u00a0oder die\u00a0<a href=\"https:\/\/www.klassische-medizin.de\/therapie\/gua-sha.html\">Gua-sha-Technik<\/a>\u00a0werden gezielt in das Therapiekonzept eingebunden. Bei Fragen zu ihren pers\u00f6nlichen Beschwerden k\u00f6nnen Sie gerne vorab telefonisch mit uns Kontakt aufnehmen.\u00a0<\/p>\t\t\t\t\t\t\t\t<\/div>\n\t\t\t\t<\/div>\n\t\t\t\t\t<\/div>\n\t\t<\/div>\n\t\t\t\t\t<\/div>\n\t\t<\/section>\n\t\t\t\t<section class=\"elementor-section elementor-top-section elementor-element elementor-element-0d8cf22 elementor-section-boxed elementor-section-height-default elementor-section-height-default\" data-id=\"0d8cf22\" data-element_type=\"section\">\n\t\t\t\t\t\t<div class=\"elementor-container elementor-column-gap-default\">\n\t\t\t\t\t<div class=\"elementor-column elementor-col-100 elementor-top-column elementor-element elementor-element-29253ca\" data-id=\"29253ca\" data-element_type=\"column\">\n\t\t\t<div class=\"elementor-widget-wrap elementor-element-populated\">\n\t\t\t\t\t\t<div class=\"elementor-element elementor-element-ae5e51c elementor-widget elementor-widget-image\" data-id=\"ae5e51c\" data-element_type=\"widget\" data-widget_type=\"image.default\">\n\t\t\t\t<div class=\"elementor-widget-container\">\n\t\t\t\t\t\t\t\t\t\t\t\t\t\t\t<img decoding=\"async\" width=\"640\" height=\"465\" src=\"https:\/\/akupunktur-tcm-rt.de\/wp-content\/uploads\/2023\/11\/254141_e30af65a-4a59-4d07-a8a6-175fecec8fd0.jpg\" class=\"attachment-large size-large wp-image-2127\" alt=\"\" srcset=\"https:\/\/akupunktur-tcm-rt.de\/wp-content\/uploads\/2023\/11\/254141_e30af65a-4a59-4d07-a8a6-175fecec8fd0.jpg 640w, https:\/\/akupunktur-tcm-rt.de\/wp-content\/uploads\/2023\/11\/254141_e30af65a-4a59-4d07-a8a6-175fecec8fd0-300x218.jpg 300w\" sizes=\"(max-width: 640px) 100vw, 640px\" \/>\t\t\t\t\t\t\t\t\t\t\t\t\t\t\t<\/div>\n\t\t\t\t<\/div>\n\t\t\t\t\t<\/div>\n\t\t<\/div>\n\t\t\t\t\t<\/div>\n\t\t<\/section>\n\t\t\t\t<\/div>\n\t\t","protected":false},"excerpt":{"rendered":"<p>Fazialisparese bzw. Gesichtsl\u00e4hmung Ursachen und Risiko&hellip;&nbsp;<a href=\"https:\/\/akupunktur-tcm-rt.de\/index.php\/fazialisparese-bzw-gesichtslahmung\/\" class=\"\" rel=\"bookmark\">\u9605\u8bfb\u66f4\u591a &raquo;<span class=\"screen-reader-text\">Fazialisparese bzw. Gesichtsl\u00e4hmung<\/span><\/a><\/p>\n","protected":false},"author":1,"featured_media":0,"parent":0,"menu_order":0,"comment_status":"closed","ping_status":"closed","template":"","meta":{"neve_meta_sidebar":"","neve_meta_container":"","neve_meta_enable_content_width":"","neve_meta_content_width":0,"neve_meta_title_alignment":"","neve_meta_author_avatar":"","neve_post_elements_order":"","neve_meta_disable_header":"","neve_meta_disable_footer":"","neve_meta_disable_title":"","footnotes":""},"_links":{"self":[{"href":"https:\/\/akupunktur-tcm-rt.de\/index.php\/wp-json\/wp\/v2\/pages\/2124"}],"collection":[{"href":"https:\/\/akupunktur-tcm-rt.de\/index.php\/wp-json\/wp\/v2\/pages"}],"about":[{"href":"https:\/\/akupunktur-tcm-rt.de\/index.php\/wp-json\/wp\/v2\/types\/page"}],"author":[{"embeddable":true,"href":"https:\/\/akupunktur-tcm-rt.de\/index.php\/wp-json\/wp\/v2\/users\/1"}],"replies":[{"embeddable":true,"href":"https:\/\/akupunktur-tcm-rt.de\/index.php\/wp-json\/wp\/v2\/comments?post=2124"}],"version-history":[{"count":4,"href":"https:\/\/akupunktur-tcm-rt.de\/index.php\/wp-json\/wp\/v2\/pages\/2124\/revisions"}],"predecessor-version":[{"id":2130,"href":"https:\/\/akupunktur-tcm-rt.de\/index.php\/wp-json\/wp\/v2\/pages\/2124\/revisions\/2130"}],"wp:attachment":[{"href":"https:\/\/akupunktur-tcm-rt.de\/index.php\/wp-json\/wp\/v2\/media?parent=2124"}],"curies":[{"name":"wp","href":"https:\/\/api.w.org\/{rel}","templated":true}]}}