{"id":2086,"date":"2023-09-29T10:58:17","date_gmt":"2023-09-29T08:58:17","guid":{"rendered":"https:\/\/akupunktur-tcm-rt.de\/?page_id=2086"},"modified":"2023-09-29T11:07:13","modified_gmt":"2023-09-29T09:07:13","slug":"allergische-rhinitis","status":"publish","type":"page","link":"https:\/\/akupunktur-tcm-rt.de\/index.php\/allergische-rhinitis\/","title":{"rendered":"Heuschnupfen \/ allergische Rhinitis"},"content":{"rendered":"\t\t<div data-elementor-type=\"wp-page\" data-elementor-id=\"2086\" class=\"elementor elementor-2086\">\n\t\t\t\t\t\t<section class=\"elementor-section elementor-top-section elementor-element elementor-element-d00e399 elementor-section-boxed elementor-section-height-default elementor-section-height-default\" data-id=\"d00e399\" data-element_type=\"section\">\n\t\t\t\t\t\t<div class=\"elementor-container elementor-column-gap-default\">\n\t\t\t\t\t<div class=\"elementor-column elementor-col-100 elementor-top-column elementor-element elementor-element-478a4dc\" data-id=\"478a4dc\" data-element_type=\"column\">\n\t\t\t<div class=\"elementor-widget-wrap elementor-element-populated\">\n\t\t\t\t\t\t<div class=\"elementor-element elementor-element-cf6d597 elementor-widget elementor-widget-text-editor\" data-id=\"cf6d597\" data-element_type=\"widget\" data-widget_type=\"text-editor.default\">\n\t\t\t\t<div class=\"elementor-widget-container\">\n\t\t\t\t\t\t\t\t\t<p><strong>Heuschnupfen \/ Allergische Rhinitis<\/strong><\/p>\t\t\t\t\t\t\t\t<\/div>\n\t\t\t\t<\/div>\n\t\t\t\t\t<\/div>\n\t\t<\/div>\n\t\t\t\t\t<\/div>\n\t\t<\/section>\n\t\t\t\t<section class=\"elementor-section elementor-top-section elementor-element elementor-element-e59e57e elementor-section-boxed elementor-section-height-default elementor-section-height-default\" data-id=\"e59e57e\" data-element_type=\"section\">\n\t\t\t\t\t\t<div class=\"elementor-container elementor-column-gap-default\">\n\t\t\t\t\t<div class=\"elementor-column elementor-col-100 elementor-top-column elementor-element elementor-element-1df0ba6\" data-id=\"1df0ba6\" data-element_type=\"column\">\n\t\t\t<div class=\"elementor-widget-wrap elementor-element-populated\">\n\t\t\t\t\t\t<div class=\"elementor-element elementor-element-966b792 elementor-widget elementor-widget-text-editor\" data-id=\"966b792\" data-element_type=\"widget\" data-widget_type=\"text-editor.default\">\n\t\t\t\t<div class=\"elementor-widget-container\">\n\t\t\t\t\t\t\t\t\t<p>Heuschnupfen ist das Hauptsymptom eines Patienten mit einer Pollenallergie. Dabei reagiert der K\u00f6rper gegen Bl\u00fctenstaub (z.B. Hasel, Birke oder Gr\u00e4ser). Medizinisch spricht man von einer allergischen Rhinitis. Die Patienten klagen \u00fcber Niesattacken, Flie\u00dfschnupfen und gereizte, geschwollene und juckende Schleimh\u00e4ute, oft in Verbindung mit Abgeschlagenheit und einem allgemeinen Krankheitsgef\u00fchl.<\/p><p>Die Akupunktur und die chinesische Kr\u00e4uterheilkunde diagnostiziert diesen Symptomenkomplex als von au\u00dfen eindringende sog. \u201eWind-Hitze oder -K\u00e4lte\u201c, die auf ein \u00fcberreagierendes und geschw\u00e4chtes Abwehrsystem unseres Organismus trifft.<\/p><p>Eine wirksame Alternative und Erg\u00e4nzung zur Behandlung von Heuschnupfen, aber auch von Asthma und Neurodermitis ist Akupunktur.<br \/>Die Chinesische Medizin versucht zun\u00e4chst durch gezielte und symptomatische Akupunkturbehandlungen die akuten Heuschnupfensymptome des Patienten zu lindern. Allerdings besteht bei vielen Praktikern der Akupunktur die begr\u00fcndete Auffassung, dass man Allergien in der symptomfreien Zeit \u2013 dem sog. \u201eIntervall\u201c \u2013 behandeln muss, um die Ursache der Allergiebereitschaft zu heilen.<br \/>Die TCM stellt sich dabei unseren K\u00f6rper wie eine Burg vor und sieht unsere Abwehrsystem als Wachen, die uns vor sch\u00e4dlichen Eindringlingen sch\u00fctzen. Bei einer kausalen Immuntherapie muss es darum gehen, wieder Ordnung in unserem Abwehrsystem zu schaffen, sodass es nicht mehr zu sinnlosen und \u00fcberschie\u00dfenden Reaktionen unserer Abwehrkr\u00e4fte gegen eigentlich harmlose Stoffe kommt.<\/p>\t\t\t\t\t\t\t\t<\/div>\n\t\t\t\t<\/div>\n\t\t\t\t\t<\/div>\n\t\t<\/div>\n\t\t\t\t\t<\/div>\n\t\t<\/section>\n\t\t\t\t<section class=\"elementor-section elementor-top-section elementor-element elementor-element-9012b18 elementor-section-boxed elementor-section-height-default elementor-section-height-default\" data-id=\"9012b18\" data-element_type=\"section\">\n\t\t\t\t\t\t<div class=\"elementor-container elementor-column-gap-default\">\n\t\t\t\t\t<div class=\"elementor-column elementor-col-100 elementor-top-column elementor-element elementor-element-20d0b54\" data-id=\"20d0b54\" data-element_type=\"column\">\n\t\t\t<div class=\"elementor-widget-wrap elementor-element-populated\">\n\t\t\t\t\t\t<div class=\"elementor-element elementor-element-ab79e88 elementor-widget elementor-widget-text-editor\" data-id=\"ab79e88\" data-element_type=\"widget\" data-widget_type=\"text-editor.default\">\n\t\t\t\t<div class=\"elementor-widget-container\">\n\t\t\t\t\t\t\t\t\t<p><strong>Tipps f\u00fcr Selbsthilfe bei Heuschnupfen<\/strong><\/p><p>Die Selbstbehandlung mit Akupressur kann eine gute Linderung verschaffen. Prinzipiell kann eine Akupressur zu Hause selbst durchgef\u00fchrt werden.\u00a0<\/p><p>Um mit der Selbstbehandlung beginnen zu k\u00f6nnen beachte bitte folgende Tipps. Es ist wichtig, Druckpunkte zu vermeiden, die wund oder entz\u00fcndet sind.<\/p><ul><li>Wenn du dich mit Akupressur behandelst, brauchst du kein zus\u00e4tzliches Material, sondern nur\u00a0<strong>deine H\u00e4nde<\/strong>.\u00a0<strong>Mit dem Daumen oder dem Zeigefinger kannst du auf einen Akupressurpunkt dr\u00fccken und diesen Druck kurz aushalten.<\/strong> Der Druck sollte sanft ausge\u00fcbt und allm\u00e4hlich erh\u00f6ht werden, bis Du ein Gef\u00fchl der Taubheit, Schwere oder des Kribbelns versp\u00fcren. Dieses Gef\u00fchl wird als De-Qi bezeichnet und gilt als ein Zeichen daf\u00fcr, dass der Akupressurpunkt richtig lokalisiert wurde. Es darf leicht schmerzen, aber nicht zu sehr. Indem du den Punkt etwas <strong>massierst, kreist oder klopfst,<\/strong>\u00a0kannst du die Wirkung der Akupressur erh\u00f6hen.<\/li><li>F\u00fcr eine\u00a0richtige Behandlung musst du die Akupressur\u00a0<strong>jeden bis\u00a0jeden zweiten Tag<\/strong>\u00a0durchf\u00fchren, solange du Beschwerden hast. Westliche Behandlungskonzepte mit der TCM empfehlen, die Akupressurpunkte etwa zwischen\u00a0<strong>einer<\/strong>\u00a0<strong>halben Minute bis drei Minuten<\/strong>\u00a0zu dr\u00fccken. Das solltest du\u00a0<strong>drei bis vier Mal t\u00e4glich<\/strong>\u00a0wiederholen.<\/li><\/ul>\t\t\t\t\t\t\t\t<\/div>\n\t\t\t\t<\/div>\n\t\t\t\t\t<\/div>\n\t\t<\/div>\n\t\t\t\t\t<\/div>\n\t\t<\/section>\n\t\t\t\t<section class=\"elementor-section elementor-top-section elementor-element elementor-element-ea4fe0e elementor-section-boxed elementor-section-height-default elementor-section-height-default\" data-id=\"ea4fe0e\" data-element_type=\"section\">\n\t\t\t\t\t\t<div class=\"elementor-container elementor-column-gap-default\">\n\t\t\t\t\t<div class=\"elementor-column elementor-col-100 elementor-top-column elementor-element elementor-element-641a964\" data-id=\"641a964\" data-element_type=\"column\">\n\t\t\t<div class=\"elementor-widget-wrap elementor-element-populated\">\n\t\t\t\t\t\t<div class=\"elementor-element elementor-element-b5cc0fb elementor-widget elementor-widget-text-editor\" data-id=\"b5cc0fb\" data-element_type=\"widget\" data-widget_type=\"text-editor.default\">\n\t\t\t\t<div class=\"elementor-widget-container\">\n\t\t\t\t\t\t\t\t\t<p><strong>Die wichtige Akupressurpunkte f\u00fcr die\u00a0 Selbsthilfe bei Heuschnupfen<\/strong><\/p>\t\t\t\t\t\t\t\t<\/div>\n\t\t\t\t<\/div>\n\t\t\t\t\t<\/div>\n\t\t<\/div>\n\t\t\t\t\t<\/div>\n\t\t<\/section>\n\t\t\t\t<section class=\"elementor-section elementor-top-section elementor-element elementor-element-4bf29b2 elementor-section-boxed elementor-section-height-default elementor-section-height-default\" data-id=\"4bf29b2\" data-element_type=\"section\">\n\t\t\t\t\t\t<div class=\"elementor-container elementor-column-gap-default\">\n\t\t\t\t\t<div class=\"elementor-column elementor-col-50 elementor-top-column elementor-element elementor-element-ef447cc\" data-id=\"ef447cc\" data-element_type=\"column\">\n\t\t\t<div class=\"elementor-widget-wrap elementor-element-populated\">\n\t\t\t\t\t\t<div class=\"elementor-element elementor-element-543a3da elementor-widget elementor-widget-image\" data-id=\"543a3da\" data-element_type=\"widget\" data-widget_type=\"image.default\">\n\t\t\t\t<div class=\"elementor-widget-container\">\n\t\t\t\t\t\t\t\t\t\t\t\t\t\t\t<img fetchpriority=\"high\" decoding=\"async\" width=\"417\" height=\"251\" src=\"https:\/\/akupunktur-tcm-rt.de\/wp-content\/uploads\/2023\/09\/1.jpg\" class=\"attachment-large size-large wp-image-2087\" alt=\"\" srcset=\"https:\/\/akupunktur-tcm-rt.de\/wp-content\/uploads\/2023\/09\/1.jpg 417w, https:\/\/akupunktur-tcm-rt.de\/wp-content\/uploads\/2023\/09\/1-300x181.jpg 300w\" sizes=\"(max-width: 417px) 100vw, 417px\" \/>\t\t\t\t\t\t\t\t\t\t\t\t\t\t\t<\/div>\n\t\t\t\t<\/div>\n\t\t\t\t\t<\/div>\n\t\t<\/div>\n\t\t\t\t<div class=\"elementor-column elementor-col-50 elementor-top-column elementor-element elementor-element-e00a7de\" data-id=\"e00a7de\" data-element_type=\"column\">\n\t\t\t<div class=\"elementor-widget-wrap elementor-element-populated\">\n\t\t\t\t\t\t<div class=\"elementor-element elementor-element-ecd2ea3 elementor-widget elementor-widget-text-editor\" data-id=\"ecd2ea3\" data-element_type=\"widget\" data-widget_type=\"text-editor.default\">\n\t\t\t\t<div class=\"elementor-widget-container\">\n\t\t\t\t\t\t\t\t\t<p><strong>Gallenblase 20 (Fengchi\/Teich des Windes)<\/strong><\/p><p>Bereits im Namen dieses Akupunkturpunkts \u201efengchi\u201c (Windteich, Gallenblase 20) ist der Wind (\u201eFeng\u201c) verortet. In der TCM steht Wind f\u00fcr die Beschleunigung von Krankheiten durch eindringende Hitze oder K\u00e4lte. \u00dcber den fengchi-Akupunkturpunkt kann Wind aus dem Kopfbereich vertrieben werden. Daher eignet sich die Stimulation dieses Punkts auch bei Kopfschmerzen.<\/p><p>Lage des Akupunkturpunkts: seitlicher Hinterkopf, eine kleine Vertiefung in H\u00f6he des Ohrl\u00e4ppchens.<\/p>\t\t\t\t\t\t\t\t<\/div>\n\t\t\t\t<\/div>\n\t\t\t\t\t<\/div>\n\t\t<\/div>\n\t\t\t\t\t<\/div>\n\t\t<\/section>\n\t\t\t\t<section class=\"elementor-section elementor-top-section elementor-element elementor-element-d21e803 elementor-section-boxed elementor-section-height-default elementor-section-height-default\" data-id=\"d21e803\" data-element_type=\"section\">\n\t\t\t\t\t\t<div class=\"elementor-container elementor-column-gap-default\">\n\t\t\t\t\t<div class=\"elementor-column elementor-col-50 elementor-top-column elementor-element elementor-element-b7ffc07\" data-id=\"b7ffc07\" data-element_type=\"column\">\n\t\t\t<div class=\"elementor-widget-wrap elementor-element-populated\">\n\t\t\t\t\t\t<div class=\"elementor-element elementor-element-e8e06b5 elementor-widget elementor-widget-image\" data-id=\"e8e06b5\" data-element_type=\"widget\" data-widget_type=\"image.default\">\n\t\t\t\t<div class=\"elementor-widget-container\">\n\t\t\t\t\t\t\t\t\t\t\t\t\t\t\t<img decoding=\"async\" width=\"300\" height=\"191\" src=\"https:\/\/akupunktur-tcm-rt.de\/wp-content\/uploads\/2023\/09\/4-300x191.jpg\" class=\"attachment-medium size-medium wp-image-2090\" alt=\"\" srcset=\"https:\/\/akupunktur-tcm-rt.de\/wp-content\/uploads\/2023\/09\/4-300x191.jpg 300w, https:\/\/akupunktur-tcm-rt.de\/wp-content\/uploads\/2023\/09\/4.jpg 381w\" sizes=\"(max-width: 300px) 100vw, 300px\" \/>\t\t\t\t\t\t\t\t\t\t\t\t\t\t\t<\/div>\n\t\t\t\t<\/div>\n\t\t\t\t\t<\/div>\n\t\t<\/div>\n\t\t\t\t<div class=\"elementor-column elementor-col-50 elementor-top-column elementor-element elementor-element-1b190e3\" data-id=\"1b190e3\" data-element_type=\"column\">\n\t\t\t<div class=\"elementor-widget-wrap elementor-element-populated\">\n\t\t\t\t\t\t<div class=\"elementor-element elementor-element-0e033c8 elementor-widget elementor-widget-text-editor\" data-id=\"0e033c8\" data-element_type=\"widget\" data-widget_type=\"text-editor.default\">\n\t\t\t\t<div class=\"elementor-widget-container\">\n\t\t\t\t\t\t\t\t\t<p><strong>Dickdarm 20 (Yingxiang \/ D\u00fcfte empfangen)<\/strong><\/p><p>Dieser Punkt befindet sich in der Nasolabialfalte auf H\u00f6he des Mittelpunktes der seitlichen Begrenzung der Nasenfl\u00fcgel. Er vertreibt Wind, kl\u00e4rt Hitze und \u00f6ffnet die Nase.<\/p>\t\t\t\t\t\t\t\t<\/div>\n\t\t\t\t<\/div>\n\t\t\t\t\t<\/div>\n\t\t<\/div>\n\t\t\t\t\t<\/div>\n\t\t<\/section>\n\t\t\t\t<section class=\"elementor-section elementor-top-section elementor-element elementor-element-1f94831 elementor-section-boxed elementor-section-height-default elementor-section-height-default\" data-id=\"1f94831\" data-element_type=\"section\">\n\t\t\t\t\t\t<div class=\"elementor-container elementor-column-gap-default\">\n\t\t\t\t\t<div class=\"elementor-column elementor-col-50 elementor-top-column elementor-element elementor-element-2de7417\" data-id=\"2de7417\" data-element_type=\"column\">\n\t\t\t<div class=\"elementor-widget-wrap elementor-element-populated\">\n\t\t\t\t\t\t<div class=\"elementor-element elementor-element-1d81afc elementor-widget elementor-widget-image\" data-id=\"1d81afc\" data-element_type=\"widget\" data-widget_type=\"image.default\">\n\t\t\t\t<div class=\"elementor-widget-container\">\n\t\t\t\t\t\t\t\t\t\t\t\t\t\t\t<img decoding=\"async\" width=\"300\" height=\"183\" src=\"https:\/\/akupunktur-tcm-rt.de\/wp-content\/uploads\/2023\/09\/3-300x183.jpg\" class=\"attachment-medium size-medium wp-image-2089\" alt=\"\" srcset=\"https:\/\/akupunktur-tcm-rt.de\/wp-content\/uploads\/2023\/09\/3-300x183.jpg 300w, https:\/\/akupunktur-tcm-rt.de\/wp-content\/uploads\/2023\/09\/3.jpg 624w\" sizes=\"(max-width: 300px) 100vw, 300px\" \/>\t\t\t\t\t\t\t\t\t\t\t\t\t\t\t<\/div>\n\t\t\t\t<\/div>\n\t\t\t\t\t<\/div>\n\t\t<\/div>\n\t\t\t\t<div class=\"elementor-column elementor-col-50 elementor-top-column elementor-element elementor-element-fcbed58\" data-id=\"fcbed58\" data-element_type=\"column\">\n\t\t\t<div class=\"elementor-widget-wrap elementor-element-populated\">\n\t\t\t\t\t\t<div class=\"elementor-element elementor-element-2269c8a elementor-widget elementor-widget-text-editor\" data-id=\"2269c8a\" data-element_type=\"widget\" data-widget_type=\"text-editor.default\">\n\t\t\t\t<div class=\"elementor-widget-container\">\n\t\t\t\t\t\t\t\t\t<p><strong>Extrapunkte HN3 (Yintang \/ Siegelhalle)<\/strong><\/p><p>Dieser Punkt befindet sich in der Mitte zwischen den Augenbrauen. Er zerstreut Wind, befreit die Nase und wird bei Augensymptomen angewandt.<\/p>\t\t\t\t\t\t\t\t<\/div>\n\t\t\t\t<\/div>\n\t\t\t\t\t<\/div>\n\t\t<\/div>\n\t\t\t\t\t<\/div>\n\t\t<\/section>\n\t\t\t\t<section class=\"elementor-section elementor-top-section elementor-element elementor-element-10b8524 elementor-section-boxed elementor-section-height-default elementor-section-height-default\" data-id=\"10b8524\" data-element_type=\"section\">\n\t\t\t\t\t\t<div class=\"elementor-container elementor-column-gap-default\">\n\t\t\t\t\t<div class=\"elementor-column elementor-col-50 elementor-top-column elementor-element elementor-element-a2101f7\" data-id=\"a2101f7\" data-element_type=\"column\">\n\t\t\t<div class=\"elementor-widget-wrap elementor-element-populated\">\n\t\t\t\t\t\t<div class=\"elementor-element elementor-element-a042929 elementor-widget elementor-widget-image\" data-id=\"a042929\" data-element_type=\"widget\" data-widget_type=\"image.default\">\n\t\t\t\t<div class=\"elementor-widget-container\">\n\t\t\t\t\t\t\t\t\t\t\t\t\t\t\t<img loading=\"lazy\" decoding=\"async\" width=\"300\" height=\"188\" src=\"https:\/\/akupunktur-tcm-rt.de\/wp-content\/uploads\/2023\/09\/2-300x188.jpg\" class=\"attachment-medium size-medium wp-image-2088\" alt=\"\" srcset=\"https:\/\/akupunktur-tcm-rt.de\/wp-content\/uploads\/2023\/09\/2-300x188.jpg 300w, https:\/\/akupunktur-tcm-rt.de\/wp-content\/uploads\/2023\/09\/2.jpg 494w\" sizes=\"(max-width: 300px) 100vw, 300px\" \/>\t\t\t\t\t\t\t\t\t\t\t\t\t\t\t<\/div>\n\t\t\t\t<\/div>\n\t\t\t\t\t<\/div>\n\t\t<\/div>\n\t\t\t\t<div class=\"elementor-column elementor-col-50 elementor-top-column elementor-element elementor-element-1d43c3f\" data-id=\"1d43c3f\" data-element_type=\"column\">\n\t\t\t<div class=\"elementor-widget-wrap elementor-element-populated\">\n\t\t\t\t\t\t<div class=\"elementor-element elementor-element-b34968a elementor-widget elementor-widget-text-editor\" data-id=\"b34968a\" data-element_type=\"widget\" data-widget_type=\"text-editor.default\">\n\t\t\t\t<div class=\"elementor-widget-container\">\n\t\t\t\t\t\t\t\t\t<p><strong>Blase 2 (Zan Zhu \/ Bambus sammeln)<\/strong><\/p><p>Dieser Punkt befindet sich in einer Vertiefung am medialen Ende der Augenbrauen. Er hat einen besonderen Bezug zu den Augen, vertreibt Wind, kl\u00e4rt Hitze und reguliert die Tr\u00e4nensekretion.<\/p>\t\t\t\t\t\t\t\t<\/div>\n\t\t\t\t<\/div>\n\t\t\t\t\t<\/div>\n\t\t<\/div>\n\t\t\t\t\t<\/div>\n\t\t<\/section>\n\t\t\t\t<section class=\"elementor-section elementor-top-section elementor-element elementor-element-3d3d025 elementor-section-boxed elementor-section-height-default elementor-section-height-default\" data-id=\"3d3d025\" data-element_type=\"section\">\n\t\t\t\t\t\t<div class=\"elementor-container elementor-column-gap-default\">\n\t\t\t\t\t<div class=\"elementor-column elementor-col-100 elementor-top-column elementor-element elementor-element-574b5a1\" data-id=\"574b5a1\" data-element_type=\"column\">\n\t\t\t<div class=\"elementor-widget-wrap\">\n\t\t\t\t\t\t\t<\/div>\n\t\t<\/div>\n\t\t\t\t\t<\/div>\n\t\t<\/section>\n\t\t\t\t<section class=\"elementor-section elementor-top-section elementor-element elementor-element-a218725 elementor-section-boxed elementor-section-height-default elementor-section-height-default\" data-id=\"a218725\" data-element_type=\"section\">\n\t\t\t\t\t\t<div class=\"elementor-container elementor-column-gap-default\">\n\t\t\t\t\t<div class=\"elementor-column elementor-col-100 elementor-top-column elementor-element elementor-element-0ae7adc\" data-id=\"0ae7adc\" data-element_type=\"column\">\n\t\t\t<div class=\"elementor-widget-wrap elementor-element-populated\">\n\t\t\t\t\t\t<div class=\"elementor-element elementor-element-3520b64 elementor-widget elementor-widget-text-editor\" data-id=\"3520b64\" data-element_type=\"widget\" data-widget_type=\"text-editor.default\">\n\t\t\t\t<div class=\"elementor-widget-container\">\n\t\t\t\t\t\t\t\t\t<p><em><strong>Haben Sie st\u00e4rkere Beschwerden und bringt Ihnen die Selbstbehandlung keine ausreichende Linderung, raten wir Ihnen zu einer Akupunktur- und Kr\u00e4utertherapiebehandlung nach Chinesischer Medizin.<\/strong><\/em><\/p>\t\t\t\t\t\t\t\t<\/div>\n\t\t\t\t<\/div>\n\t\t\t\t\t<\/div>\n\t\t<\/div>\n\t\t\t\t\t<\/div>\n\t\t<\/section>\n\t\t\t\t<section class=\"elementor-section elementor-top-section elementor-element elementor-element-cd8bb3a elementor-section-boxed elementor-section-height-default elementor-section-height-default\" data-id=\"cd8bb3a\" data-element_type=\"section\">\n\t\t\t\t\t\t<div class=\"elementor-container elementor-column-gap-default\">\n\t\t\t\t\t<div class=\"elementor-column elementor-col-100 elementor-top-column elementor-element elementor-element-b87f0d8\" data-id=\"b87f0d8\" data-element_type=\"column\">\n\t\t\t<div class=\"elementor-widget-wrap elementor-element-populated\">\n\t\t\t\t\t\t<div class=\"elementor-element elementor-element-33cf622 elementor-widget elementor-widget-text-editor\" data-id=\"33cf622\" data-element_type=\"widget\" data-widget_type=\"text-editor.default\">\n\t\t\t\t<div class=\"elementor-widget-container\">\n\t\t\t\t\t\t\t\t\t<p class=\"cmb-10\" lang=\"de\"><strong>Studien&#8212;Akupunktur lindert Beschwerden bei Heuschnupfen<\/strong><\/p><p><a href=\"https:\/\/www.lifepr.de\/inaktiv\/charit-universitaetsmedizin-berlin\/Akupunktur-lindert-Beschwerden-bei-Heuschnupfen\/boxid\/388386\">https:\/\/www.lifepr.de\/inaktiv\/charit-universitaetsmedizin-berlin\/Akupunktur-lindert-Beschwerden-bei-Heuschnupfen\/boxid\/388386<\/a><\/p><p><a href=\"https:\/\/www.pharmazeutische-zeitung.de\/medizin1-27-1997\/#:~:text=Klinische%20Studien%20belegen%20den%20Effekt,gut%20wie%20keine%20Beschwerden%20mehr.\">https:\/\/www.pharmazeutische-zeitung.de\/medizin1-27-1997\/#:~:text=Klinische%20Studien%20belegen%20den%20Effekt,gut%20wie%20keine%20Beschwerden%20mehr.<\/a><\/p>\t\t\t\t\t\t\t\t<\/div>\n\t\t\t\t<\/div>\n\t\t\t\t\t<\/div>\n\t\t<\/div>\n\t\t\t\t\t<\/div>\n\t\t<\/section>\n\t\t\t\t<\/div>\n\t\t","protected":false},"excerpt":{"rendered":"<p>Heuschnupfen \/ Allergische Rhinitis Heuschnupfen ist da&hellip;&nbsp;<a href=\"https:\/\/akupunktur-tcm-rt.de\/index.php\/allergische-rhinitis\/\" class=\"\" rel=\"bookmark\">\u9605\u8bfb\u66f4\u591a &raquo;<span class=\"screen-reader-text\">Heuschnupfen \/ allergische Rhinitis<\/span><\/a><\/p>\n","protected":false},"author":1,"featured_media":0,"parent":0,"menu_order":0,"comment_status":"closed","ping_status":"closed","template":"","meta":{"neve_meta_sidebar":"","neve_meta_container":"","neve_meta_enable_content_width":"","neve_meta_content_width":0,"neve_meta_title_alignment":"","neve_meta_author_avatar":"","neve_post_elements_order":"","neve_meta_disable_header":"","neve_meta_disable_footer":"","neve_meta_disable_title":"","footnotes":""},"_links":{"self":[{"href":"https:\/\/akupunktur-tcm-rt.de\/index.php\/wp-json\/wp\/v2\/pages\/2086"}],"collection":[{"href":"https:\/\/akupunktur-tcm-rt.de\/index.php\/wp-json\/wp\/v2\/pages"}],"about":[{"href":"https:\/\/akupunktur-tcm-rt.de\/index.php\/wp-json\/wp\/v2\/types\/page"}],"author":[{"embeddable":true,"href":"https:\/\/akupunktur-tcm-rt.de\/index.php\/wp-json\/wp\/v2\/users\/1"}],"replies":[{"embeddable":true,"href":"https:\/\/akupunktur-tcm-rt.de\/index.php\/wp-json\/wp\/v2\/comments?post=2086"}],"version-history":[{"count":4,"href":"https:\/\/akupunktur-tcm-rt.de\/index.php\/wp-json\/wp\/v2\/pages\/2086\/revisions"}],"predecessor-version":[{"id":2095,"href":"https:\/\/akupunktur-tcm-rt.de\/index.php\/wp-json\/wp\/v2\/pages\/2086\/revisions\/2095"}],"wp:attachment":[{"href":"https:\/\/akupunktur-tcm-rt.de\/index.php\/wp-json\/wp\/v2\/media?parent=2086"}],"curies":[{"name":"wp","href":"https:\/\/api.w.org\/{rel}","templated":true}]}}