{"id":2074,"date":"2023-09-28T21:05:27","date_gmt":"2023-09-28T19:05:27","guid":{"rendered":"https:\/\/akupunktur-tcm-rt.de\/?page_id=2074"},"modified":"2023-09-28T21:20:15","modified_gmt":"2023-09-28T19:20:15","slug":"elementor-2074","status":"publish","type":"page","link":"https:\/\/akupunktur-tcm-rt.de\/index.php\/elementor-2074\/","title":{"rendered":"Long-Covid"},"content":{"rendered":"\t\t<div data-elementor-type=\"wp-page\" data-elementor-id=\"2074\" class=\"elementor elementor-2074\">\n\t\t\t\t\t\t<section class=\"elementor-section elementor-top-section elementor-element elementor-element-b0f725f elementor-section-boxed elementor-section-height-default elementor-section-height-default\" data-id=\"b0f725f\" data-element_type=\"section\">\n\t\t\t\t\t\t<div class=\"elementor-container elementor-column-gap-default\">\n\t\t\t\t\t<div class=\"elementor-column elementor-col-100 elementor-top-column elementor-element elementor-element-7f180f3\" data-id=\"7f180f3\" data-element_type=\"column\">\n\t\t\t<div class=\"elementor-widget-wrap elementor-element-populated\">\n\t\t\t\t\t\t<div class=\"elementor-element elementor-element-054799f elementor-widget elementor-widget-text-editor\" data-id=\"054799f\" data-element_type=\"widget\" data-widget_type=\"text-editor.default\">\n\t\t\t\t<div class=\"elementor-widget-container\">\n\t\t\t\t\t\t\t\t\t<p><strong>Long-Covid<\/strong><\/p>\t\t\t\t\t\t\t\t<\/div>\n\t\t\t\t<\/div>\n\t\t\t\t\t<\/div>\n\t\t<\/div>\n\t\t\t\t\t<\/div>\n\t\t<\/section>\n\t\t\t\t<section class=\"elementor-section elementor-top-section elementor-element elementor-element-9206d08 elementor-section-boxed elementor-section-height-default elementor-section-height-default\" data-id=\"9206d08\" data-element_type=\"section\">\n\t\t\t\t\t\t<div class=\"elementor-container elementor-column-gap-default\">\n\t\t\t\t\t<div class=\"elementor-column elementor-col-100 elementor-top-column elementor-element elementor-element-900ec00\" data-id=\"900ec00\" data-element_type=\"column\">\n\t\t\t<div class=\"elementor-widget-wrap elementor-element-populated\">\n\t\t\t\t\t\t<div class=\"elementor-element elementor-element-854ff41 elementor-widget elementor-widget-text-editor\" data-id=\"854ff41\" data-element_type=\"widget\" data-widget_type=\"text-editor.default\">\n\t\t\t\t<div class=\"elementor-widget-container\">\n\t\t\t\t\t\t\t\t\t<p>Die Chinesische Medizin kann f\u00fcr die zunehmende Zahl von an Long-Covid-Erkrankten mit respiratorischen Symptomen, mit sensorisch-mentalen Defiziten sowie an Chronic-Fatigue-Syndrom (CFS) Leidenden, f\u00fcr die im Bereich der etablierten westlichen Medizin wirksame Therapieans\u00e4tze bisher nicht in Sicht sind, sehr effektive Behandlungskonzepte bereitstellen.<\/p><p>Ein gest\u00f6rtes Immunsystem sei der Grund daf\u00fcr, dass manche Menschen nach durchgestandener Corona- Infektion weiter lange und teils massiv gesundheitlich beeintr\u00e4chtigt sind.\u00a0<\/p>\t\t\t\t\t\t\t\t<\/div>\n\t\t\t\t<\/div>\n\t\t\t\t\t<\/div>\n\t\t<\/div>\n\t\t\t\t\t<\/div>\n\t\t<\/section>\n\t\t\t\t<section class=\"elementor-section elementor-top-section elementor-element elementor-element-fef4fe5 elementor-section-boxed elementor-section-height-default elementor-section-height-default\" data-id=\"fef4fe5\" data-element_type=\"section\">\n\t\t\t\t\t\t<div class=\"elementor-container elementor-column-gap-default\">\n\t\t\t\t\t<div class=\"elementor-column elementor-col-50 elementor-top-column elementor-element elementor-element-085744e\" data-id=\"085744e\" data-element_type=\"column\">\n\t\t\t<div class=\"elementor-widget-wrap elementor-element-populated\">\n\t\t\t\t\t\t<div class=\"elementor-element elementor-element-a1a9ed7 elementor-widget elementor-widget-image\" data-id=\"a1a9ed7\" data-element_type=\"widget\" data-widget_type=\"image.default\">\n\t\t\t\t<div class=\"elementor-widget-container\">\n\t\t\t\t\t\t\t\t\t\t\t\t\t\t\t\t<a href=\"https:\/\/www1.wdr.de\/mediathek\/video-akupunktur-gegen-long-covid-100.html\">\n\t\t\t\t\t\t\t<img fetchpriority=\"high\" decoding=\"async\" width=\"300\" height=\"195\" src=\"https:\/\/akupunktur-tcm-rt.de\/wp-content\/uploads\/2023\/09\/\u6355\u83b7-300x195.jpg\" class=\"attachment-medium size-medium wp-image-2069\" alt=\"\" srcset=\"https:\/\/akupunktur-tcm-rt.de\/wp-content\/uploads\/2023\/09\/\u6355\u83b7-300x195.jpg 300w, https:\/\/akupunktur-tcm-rt.de\/wp-content\/uploads\/2023\/09\/\u6355\u83b7-1024x667.jpg 1024w, https:\/\/akupunktur-tcm-rt.de\/wp-content\/uploads\/2023\/09\/\u6355\u83b7-768x500.jpg 768w, https:\/\/akupunktur-tcm-rt.de\/wp-content\/uploads\/2023\/09\/\u6355\u83b7.jpg 1240w\" sizes=\"(max-width: 300px) 100vw, 300px\" \/>\t\t\t\t\t\t\t\t<\/a>\n\t\t\t\t\t\t\t\t\t\t\t\t\t\t\t<\/div>\n\t\t\t\t<\/div>\n\t\t\t\t\t<\/div>\n\t\t<\/div>\n\t\t\t\t<div class=\"elementor-column elementor-col-50 elementor-top-column elementor-element elementor-element-a12c60a\" data-id=\"a12c60a\" data-element_type=\"column\">\n\t\t\t<div class=\"elementor-widget-wrap elementor-element-populated\">\n\t\t\t\t\t\t<div class=\"elementor-element elementor-element-86ae5b6 elementor-widget elementor-widget-text-editor\" data-id=\"86ae5b6\" data-element_type=\"widget\" data-widget_type=\"text-editor.default\">\n\t\t\t\t<div class=\"elementor-widget-container\">\n\t\t\t\t\t\t\t\t\t<p>VIDEO:\u00a0 Akupunktur gegen Long-Covid<\/p><p>WDR Mediathek<\/p>\t\t\t\t\t\t\t\t<\/div>\n\t\t\t\t<\/div>\n\t\t\t\t\t<\/div>\n\t\t<\/div>\n\t\t\t\t\t<\/div>\n\t\t<\/section>\n\t\t\t\t<section class=\"elementor-section elementor-top-section elementor-element elementor-element-a43f175 elementor-section-boxed elementor-section-height-default elementor-section-height-default\" data-id=\"a43f175\" data-element_type=\"section\">\n\t\t\t\t\t\t<div class=\"elementor-container elementor-column-gap-default\">\n\t\t\t\t\t<div class=\"elementor-column elementor-col-100 elementor-top-column elementor-element elementor-element-1677c49\" data-id=\"1677c49\" data-element_type=\"column\">\n\t\t\t<div class=\"elementor-widget-wrap\">\n\t\t\t\t\t\t\t<\/div>\n\t\t<\/div>\n\t\t\t\t\t<\/div>\n\t\t<\/section>\n\t\t\t\t<section class=\"elementor-section elementor-top-section elementor-element elementor-element-a8f9a0b elementor-section-boxed elementor-section-height-default elementor-section-height-default\" data-id=\"a8f9a0b\" data-element_type=\"section\">\n\t\t\t\t\t\t<div class=\"elementor-container elementor-column-gap-default\">\n\t\t\t\t\t<div class=\"elementor-column elementor-col-50 elementor-top-column elementor-element elementor-element-e0dcd1b\" data-id=\"e0dcd1b\" data-element_type=\"column\">\n\t\t\t<div class=\"elementor-widget-wrap elementor-element-populated\">\n\t\t\t\t\t\t<div class=\"elementor-element elementor-element-f7817d1 elementor-widget elementor-widget-text-editor\" data-id=\"f7817d1\" data-element_type=\"widget\" data-widget_type=\"text-editor.default\">\n\t\t\t\t<div class=\"elementor-widget-container\">\n\t\t\t\t\t\t\t\t\t<p>\u201eIn Europa leben nach aktuellen Aussagen der WHO etwa 36 Millionen Menschen mit Long COVID, von denen die meisten in ihrem Alltag eingeschr\u00e4nkt sind und von denen viele kein normales Leben mehr f\u00fchren k\u00f6nnen\u201c&#8230;\u00a0\u00a0<\/p><p>&#8220;In Ermangelung von Therapien, die nicht nur die Symptome lindern, sondern auch die Ursache des Post-COVID-Syndroms und ME\/CFS beheben, empfiehlt Dr. Bellmann-Strobl den Patient:innen vor allem, ihre Energiereserven durch das sogenannte Pacing gut einzuteilen und eine \u00dcberlastung zu vermeiden. Hilfsmittel k\u00f6nnen beispielsweise Schrittz\u00e4hler, Herzfrequenzmesser, ein Aktivit\u00e4tstagebuch und Entspannungs\u00fcbungen sein. \u201eDurch das Pacing l\u00e4sst sich die Postexertionelle Malaise, eine Verschlechterung des Zustands, verhindern. Je besser Betroffene das Pacing beherrschen, desto weniger Beschwerden haben sie durch ihre Erkrankung. Dabei sollte man sich sehr vorsichtig an die Belastungsgrenzen herantasten; eine professionelle Anleitung kann dabei helfen, eine \u00dcberanstrengung zu vermeiden.\u201c&#8230;<\/p><p>&#8212;&#8212;<em>Charit\u00e9<\/em>&#8211;<em>Studie<\/em>\u00a0untersucht Betroffene mit ausgepr\u00e4gter Fatigue \u00fcber 20 Monate\u00a0<\/p><p>\u00a0<\/p><p>\u00a0<\/p>\t\t\t\t\t\t\t\t<\/div>\n\t\t\t\t<\/div>\n\t\t\t\t\t<\/div>\n\t\t<\/div>\n\t\t\t\t<div class=\"elementor-column elementor-col-50 elementor-top-column elementor-element elementor-element-f5d0d77\" data-id=\"f5d0d77\" data-element_type=\"column\">\n\t\t\t<div class=\"elementor-widget-wrap elementor-element-populated\">\n\t\t\t\t\t\t<div class=\"elementor-element elementor-element-fe5c511 elementor-widget elementor-widget-button\" data-id=\"fe5c511\" data-element_type=\"widget\" data-widget_type=\"button.default\">\n\t\t\t\t<div class=\"elementor-widget-container\">\n\t\t\t\t\t\t\t\t\t<div class=\"elementor-button-wrapper\">\n\t\t\t\t\t<a class=\"elementor-button elementor-button-link elementor-size-sm\" href=\"https:\/\/www.charite.de\/service\/pressemitteilung\/artikel\/detail\/wie_sich_schweres_long_covid_langfristig_entwickelt\/\">\n\t\t\t\t\t\t<span class=\"elementor-button-content-wrapper\">\n\t\t\t\t\t\t\t\t\t<span class=\"elementor-button-text\">Charit\u00e9-Studie\u00a0untersucht Betroffene mit ausgepr\u00e4gter Fatigue \u00fcber 20 Monate\u00a0<\/span>\n\t\t\t\t\t<\/span>\n\t\t\t\t\t<\/a>\n\t\t\t\t<\/div>\n\t\t\t\t\t\t\t\t<\/div>\n\t\t\t\t<\/div>\n\t\t\t\t\t<\/div>\n\t\t<\/div>\n\t\t\t\t\t<\/div>\n\t\t<\/section>\n\t\t\t\t<\/div>\n\t\t","protected":false},"excerpt":{"rendered":"<p>Long-Covid Die Chinesische Medizin kann f\u00fcr die zunehme&hellip;&nbsp;<a href=\"https:\/\/akupunktur-tcm-rt.de\/index.php\/elementor-2074\/\" class=\"\" rel=\"bookmark\">\u9605\u8bfb\u66f4\u591a &raquo;<span class=\"screen-reader-text\">Long-Covid<\/span><\/a><\/p>\n","protected":false},"author":1,"featured_media":0,"parent":0,"menu_order":0,"comment_status":"closed","ping_status":"closed","template":"","meta":{"neve_meta_sidebar":"","neve_meta_container":"","neve_meta_enable_content_width":"","neve_meta_content_width":0,"neve_meta_title_alignment":"","neve_meta_author_avatar":"","neve_post_elements_order":"","neve_meta_disable_header":"","neve_meta_disable_footer":"","neve_meta_disable_title":"","footnotes":""},"_links":{"self":[{"href":"https:\/\/akupunktur-tcm-rt.de\/index.php\/wp-json\/wp\/v2\/pages\/2074"}],"collection":[{"href":"https:\/\/akupunktur-tcm-rt.de\/index.php\/wp-json\/wp\/v2\/pages"}],"about":[{"href":"https:\/\/akupunktur-tcm-rt.de\/index.php\/wp-json\/wp\/v2\/types\/page"}],"author":[{"embeddable":true,"href":"https:\/\/akupunktur-tcm-rt.de\/index.php\/wp-json\/wp\/v2\/users\/1"}],"replies":[{"embeddable":true,"href":"https:\/\/akupunktur-tcm-rt.de\/index.php\/wp-json\/wp\/v2\/comments?post=2074"}],"version-history":[{"count":5,"href":"https:\/\/akupunktur-tcm-rt.de\/index.php\/wp-json\/wp\/v2\/pages\/2074\/revisions"}],"predecessor-version":[{"id":2080,"href":"https:\/\/akupunktur-tcm-rt.de\/index.php\/wp-json\/wp\/v2\/pages\/2074\/revisions\/2080"}],"wp:attachment":[{"href":"https:\/\/akupunktur-tcm-rt.de\/index.php\/wp-json\/wp\/v2\/media?parent=2074"}],"curies":[{"name":"wp","href":"https:\/\/api.w.org\/{rel}","templated":true}]}}