{"id":2025,"date":"2023-08-09T10:20:19","date_gmt":"2023-08-09T08:20:19","guid":{"rendered":"https:\/\/akupunktur-tcm-rt.de\/?page_id=2025"},"modified":"2023-08-09T10:40:03","modified_gmt":"2023-08-09T08:40:03","slug":"migr","status":"publish","type":"page","link":"https:\/\/akupunktur-tcm-rt.de\/index.php\/migr\/","title":{"rendered":"Migr\u00e4ne"},"content":{"rendered":"\t\t<div data-elementor-type=\"wp-page\" data-elementor-id=\"2025\" class=\"elementor elementor-2025\">\n\t\t\t\t\t\t<section class=\"elementor-section elementor-top-section elementor-element elementor-element-75e805e elementor-section-boxed elementor-section-height-default elementor-section-height-default\" data-id=\"75e805e\" data-element_type=\"section\">\n\t\t\t\t\t\t<div class=\"elementor-container elementor-column-gap-default\">\n\t\t\t\t\t<div class=\"elementor-column elementor-col-100 elementor-top-column elementor-element elementor-element-4cca335\" data-id=\"4cca335\" data-element_type=\"column\">\n\t\t\t<div class=\"elementor-widget-wrap elementor-element-populated\">\n\t\t\t\t\t\t<div class=\"elementor-element elementor-element-9603e3b elementor-widget elementor-widget-heading\" data-id=\"9603e3b\" data-element_type=\"widget\" data-widget_type=\"heading.default\">\n\t\t\t\t<div class=\"elementor-widget-container\">\n\t\t\t\t\t<h2 class=\"elementor-heading-title elementor-size-default\">Migr\u00e4ne  \n                ------ mit TCM Akupunktur gegen Migr\u00e4ne und Kopfschmerzen<\/h2>\t\t\t\t<\/div>\n\t\t\t\t<\/div>\n\t\t\t\t\t<\/div>\n\t\t<\/div>\n\t\t\t\t\t<\/div>\n\t\t<\/section>\n\t\t\t\t<section class=\"elementor-section elementor-top-section elementor-element elementor-element-8c0c876 elementor-section-boxed elementor-section-height-default elementor-section-height-default\" data-id=\"8c0c876\" data-element_type=\"section\">\n\t\t\t\t\t\t<div class=\"elementor-container elementor-column-gap-default\">\n\t\t\t\t\t<div class=\"elementor-column elementor-col-100 elementor-top-column elementor-element elementor-element-cb5ec7a\" data-id=\"cb5ec7a\" data-element_type=\"column\">\n\t\t\t<div class=\"elementor-widget-wrap\">\n\t\t\t\t\t\t\t<\/div>\n\t\t<\/div>\n\t\t\t\t\t<\/div>\n\t\t<\/section>\n\t\t\t\t<section class=\"elementor-section elementor-top-section elementor-element elementor-element-7e9023f elementor-section-boxed elementor-section-height-default elementor-section-height-default\" data-id=\"7e9023f\" data-element_type=\"section\">\n\t\t\t\t\t\t<div class=\"elementor-container elementor-column-gap-default\">\n\t\t\t\t\t<div class=\"elementor-column elementor-col-100 elementor-top-column elementor-element elementor-element-597f3ca\" data-id=\"597f3ca\" data-element_type=\"column\">\n\t\t\t<div class=\"elementor-widget-wrap elementor-element-populated\">\n\t\t\t\t\t\t<div class=\"elementor-element elementor-element-c767421 elementor-widget elementor-widget-text-editor\" data-id=\"c767421\" data-element_type=\"widget\" data-widget_type=\"text-editor.default\">\n\t\t\t\t<div class=\"elementor-widget-container\">\n\t\t\t\t\t\t\t\t\t<p><strong>mit TCM zur Schmerzfreiheit<\/strong><\/p><p><strong>Die Traditionelle Chinesische Medizin f\u00fchrt Kopfschmerzen und Migr\u00e4ne auf St\u00f6rung im Fluss der Leberenergie Qi zur\u00fcck. Um diese zu beheben, kommen TCM-Behandlungen wie Akupunktur oder Kr\u00e4utertherapie zur Anwendung. Wichtig ist eine sorgf\u00e4ltige Diagnose, denn es gibt eine Vielzahl von Kopfschmerzen und Ausl\u00f6sern.\u00a0<\/strong><\/p><p>Kopfschmerzen z\u00e4hlen zu den am meisten verbreiteten Beschwerden. Allerdings ist der Begriff unpr\u00e4zis. Man unterscheidet zwischen prim\u00e4ren und sekund\u00e4ren Kopfschmerzen. Der Anteil der prim\u00e4ren Kopfschmerzen betr\u00e4gt rund 90 Prozent. \u00dcber deren Ursachen ist sich die westliche Medizin in den meisten F\u00e4llen nicht einig. Sekund\u00e4re Kopfschmerzen stellen sich als Folge von Erkrankungen oder Verletzungen ein.<\/p><p>Prim\u00e4re Kopfschmerzen lassen sich in drei Gruppen gliedern: Es gibt die unberechenbaren Spannungskopfschmerzen, die wie aus dem Nichts auftreten und nach kurzer Zeit wieder verschwinden. Eine andere Erscheinungsform ist die Migr\u00e4ne mit ihren starken, klopfenden Schmerzanf\u00e4llen. Diese gehen oft mit \u00dcbelkeit und Erbrechen einher. Eine dritte Kategorie bilden Cluster-Kopfschmerzen. Diese treten in heftigen Sch\u00fcben auf, denen l\u00e4ngere Phasen der Schmerzfreiheit folgen.<\/p><p>Typisch f\u00fcr Migr\u00e4ne sind m\u00e4\u00dfige bis starke Kopfschmerzen, oft auf einer Seite des Kopfes. Meist werden sie als pulsierend, pochend oder h\u00e4mmernd empfunden. Oft verst\u00e4rken sie sich bei k\u00f6rperlicher Aktivit\u00e4t, manchmal schon bei kleinen Bewegungen. Die Kopfschmerzen k\u00f6nnen mit \u00dcbelkeit und Erbrechen verbunden sein. Manche Menschen sind w\u00e4hrend der Anf\u00e4lle auch sehr licht- und ger\u00e4uschempfindlich. Unbehandelt halten die Beschwerden zwischen vier Stunden und drei Tagen an.<\/p><p><strong>Zahlreiche, zum Teil schwierig zu fassende Ausl\u00f6ser<\/strong><\/p><p>Kopfschmerzen beeintr\u00e4chtigen die Lebensqualit\u00e4t und die Leistungsf\u00e4higkeit bei der Arbeit. Chronische Kopfschmerzen f\u00fchren zu permanenter M\u00fcdigkeit und k\u00f6nnen schlimmstenfalls in eine Depression m\u00fcnden.\u00a0Die Ausl\u00f6ser von prim\u00e4ren Kopfschmerzen sind vielf\u00e4ltig und oft schwierig zu identifizieren. Psychische Faktoren wie Stress, Anspannung oder \u00dcberarbeitung z\u00e4hlen dazu, aber auch \u00e4ussere Einfl\u00fcsse wie Wetterwechsel, F\u00f6hn oder Bise. Nicht zu untersch\u00e4tzen ist je nach individueller Konstitution der negative Einfluss von bestimmten Nahrungsmitteln oder alkoholischen Getr\u00e4nken.<\/p><p>Die klassische Medizin betrachtet diese schmerzausl\u00f6senden Faktoren als Ursachen. In der Traditionellen Chinesischen Medizin gelten sie jedoch mehrheitlich als Symptome eines tiefer liegenden gesundheitlichen Problems. Die eigentliche Ursache f\u00fcr Kopfschmerzen ist aus TCM-Sicht eine St\u00f6rung im Fluss der Lebensenergie Qi. Konsequenterweise setzen TCM-Behandlungen nicht bei den kaum fassbaren Ausl\u00f6sern an, sondern an diesem klar definierten gesundheitlichen Schwachpunkt.<\/p><p><strong>Deblockierung des gestauten Qi<\/strong><\/p><p>Das Qi zirkuliert in verschiedenen Energieleitbahnen, den Meridianen. Diese wiederum sind bestimmten Organen zugeordnet und bilden so einen Funktionskreis. Kopfschmerzen stehen gem\u00e4ss Lehre der Traditionellen Chinesischen Medizin oft im Zusammenhang mit dem Meridian, der den Leber-Funktionskreis mit der Lebensenergie Qi versorgt. TCM-Therapien gegen Kopfschmerzen zielen darauf ab, die Blockaden des Qi in diesem Meridian aufzul\u00f6sen. Die TCM-Diagnose schafft Klarheit dar\u00fcber, welche Behandlungsformen daf\u00fcr geeignet sind. Als besonders wirksam haben sich Akupunktur und Kr\u00e4utertherapien erwiesen. Je nach individueller Konstitution kommen auch Moxibustion oder Schr\u00f6pfen infrage.<\/p><p>Die TCM-Diagnose zeigt des Weiteren auf, ob dem K\u00f6rper W\u00e4rme zugef\u00fchrt werden muss oder ob Hitze abgebaut werden soll. Viele Kopfschmerzpatienten haben oft \u00fcber l\u00e4ngere Zeit Medikamente eingenommen. Auch dieser Faktor muss bei der TCM-Diagnose ber\u00fccksichtigt werden. Mit TCM stehen die Chancen gut, medikament\u00f6se Behandlungen mit der Zeit einzustellen und auf nat\u00fcrlichem Weg Schmerzfreiheit zu erreichen.<\/p><p><strong>Die TCM-Diagnose als Schl\u00fcssel zum Behandlungserfolg<\/strong><\/p><p>Sowohl bei akuten und chronischen Kopfschmerzen wie auch zur Pr\u00e4vention von Migr\u00e4neanf\u00e4llen kann TCM sehr gute Resultate erzielen. Entscheidend ist, dass die TCM-Diagnose das vielf\u00e4ltige und zum Teil diffuse Erscheinungsbild von Kopfschmerzen ber\u00fccksichtigt.<\/p><p>Die Therapiedauer ist abh\u00e4ngig von der individuellen Konstitution, der Intensit\u00e4t der Schmerzen sowie der Dauer des Leidens. Eine Faustregel besagt: Je ausgepr\u00e4gter die Symptome und je chronischer die Schmerzen, desto mehr Behandlungen sind n\u00f6tig.<\/p><h3 class=\"uk-article-title\">*PS: Es wurde haufig gefragt&#8212;-Welchen Einfluss hat die Pille auf eine Migr\u00e4ne?<\/h3><p>Die gute Nachricht ist, dass Sie die Pille nehmen d\u00fcrfen, auch wenn Sie unter Migr\u00e4ne leiden \u2013 zumindest ist dies bei den h\u00e4ufigsten Formen der Migr\u00e4ne der Fall.<\/p><p>Migr\u00e4ne-Patientinnen, die die Pille verwenden wollen, sollten ihrer Frauen\u00e4rztin oder ihrem Frauenarzt unbedingt mitteilen, dass sie an Migr\u00e4ne leiden und um welche Form es sich handelt. Es gibt n\u00e4mlich bestimmte Konstellationen, bei denen die Einnahme der normalen Pille, die \u00d6strogen und Gestagen enth\u00e4lt, nicht ratsam ist, weil sie das Herz- Kreislauf-Risiko erh\u00f6hen kann. F\u00fcr viele dieser Patientinnen kann eine\u00a0<a href=\"https:\/\/www.verhuetung-hormosan.de\/index.php\/die-anti-baby-pille\/welche-pillen-gibt-es\" rel=\"alternate\">\u00f6strogenfreie Minipille<\/a>\u00a0eine Alternative darstellen.<\/p><p>Unabh\u00e4ngig vom Herz-Kreislauf-Risiko kann die normale Pille auch einen Einfluss auf die Migr\u00e4ne haben: Bei etwa 50 % der Migr\u00e4ne-Patientinnen, die die Pille einnehmen, \u00e4ndert das gar nichts. Bei ungef\u00e4hr einem Viertel bessert sich die Migr\u00e4ne und bei einem weiteren Viertel verschlechtert sie sich. Die Statistik ist also mehr oder weniger ausgeglichen.<\/p><p>Wenn Sie als Migr\u00e4ne-Patientin vor der Entscheidung stehen, ob Sie die Pille nehmen sollen, hilft Ihnen die Statistik allerdings wenig. Ob Sie zu denjenigen geh\u00f6ren, bei denen sich die Migr\u00e4ne durch die Pille verschlechtert, kann niemand vorhersehen. Hier hilft nur Ausprobieren. Und weil das Gefu\u0308hl manchmal tr\u00fcgt, ist es am besten, wenn Sie w\u00e4hrend der ersten Monate ein\u00a0<a href=\"https:\/\/www.verhuetung-hormosan.de\/index.php\/services\/broschueren\" rel=\"alternate\">Migr\u00e4ne-Tagebuch<\/a>\u00a0f\u00fchren. Anhand der Aufzeichnungen k\u00f6nnen Sie und Ihr Arzt oder Ihre \u00c4rztin erkennen, ob sich durch die Pille etwas ver\u00e4ndert hat.<\/p>\t\t\t\t\t\t\t\t<\/div>\n\t\t\t\t<\/div>\n\t\t\t\t\t<\/div>\n\t\t<\/div>\n\t\t\t\t\t<\/div>\n\t\t<\/section>\n\t\t\t\t<\/div>\n\t\t","protected":false},"excerpt":{"rendered":"<p>Migr\u00e4ne &#8212;&#8212; mit TCM Akupunktur gegen Migr\u00e4ne&hellip;&nbsp;<a href=\"https:\/\/akupunktur-tcm-rt.de\/index.php\/migr\/\" class=\"\" rel=\"bookmark\">\u9605\u8bfb\u66f4\u591a &raquo;<span class=\"screen-reader-text\">Migr\u00e4ne<\/span><\/a><\/p>\n","protected":false},"author":1,"featured_media":0,"parent":0,"menu_order":0,"comment_status":"closed","ping_status":"closed","template":"","meta":{"neve_meta_sidebar":"","neve_meta_container":"","neve_meta_enable_content_width":"","neve_meta_content_width":0,"neve_meta_title_alignment":"","neve_meta_author_avatar":"","neve_post_elements_order":"","neve_meta_disable_header":"","neve_meta_disable_footer":"","neve_meta_disable_title":"","footnotes":""},"_links":{"self":[{"href":"https:\/\/akupunktur-tcm-rt.de\/index.php\/wp-json\/wp\/v2\/pages\/2025"}],"collection":[{"href":"https:\/\/akupunktur-tcm-rt.de\/index.php\/wp-json\/wp\/v2\/pages"}],"about":[{"href":"https:\/\/akupunktur-tcm-rt.de\/index.php\/wp-json\/wp\/v2\/types\/page"}],"author":[{"embeddable":true,"href":"https:\/\/akupunktur-tcm-rt.de\/index.php\/wp-json\/wp\/v2\/users\/1"}],"replies":[{"embeddable":true,"href":"https:\/\/akupunktur-tcm-rt.de\/index.php\/wp-json\/wp\/v2\/comments?post=2025"}],"version-history":[{"count":7,"href":"https:\/\/akupunktur-tcm-rt.de\/index.php\/wp-json\/wp\/v2\/pages\/2025\/revisions"}],"predecessor-version":[{"id":2034,"href":"https:\/\/akupunktur-tcm-rt.de\/index.php\/wp-json\/wp\/v2\/pages\/2025\/revisions\/2034"}],"wp:attachment":[{"href":"https:\/\/akupunktur-tcm-rt.de\/index.php\/wp-json\/wp\/v2\/media?parent=2025"}],"curies":[{"name":"wp","href":"https:\/\/api.w.org\/{rel}","templated":true}]}}