{"id":1743,"date":"2022-07-25T12:18:50","date_gmt":"2022-07-25T10:18:50","guid":{"rendered":"https:\/\/akupunktur-tcm-rt.de\/?page_id=1743"},"modified":"2024-05-30T11:43:16","modified_gmt":"2024-05-30T09:43:16","slug":"datenschutz","status":"publish","type":"page","link":"https:\/\/akupunktur-tcm-rt.de\/index.php\/datenschutz\/","title":{"rendered":"Datenschutz"},"content":{"rendered":"\t\t<div data-elementor-type=\"wp-page\" data-elementor-id=\"1743\" class=\"elementor elementor-1743\">\n\t\t\t\t\t\t<section class=\"elementor-section elementor-top-section elementor-element elementor-element-5d7783f elementor-section-boxed elementor-section-height-default elementor-section-height-default\" data-id=\"5d7783f\" data-element_type=\"section\">\n\t\t\t\t\t\t<div class=\"elementor-container elementor-column-gap-default\">\n\t\t\t\t\t<div class=\"elementor-column elementor-col-100 elementor-top-column elementor-element elementor-element-143f89c\" data-id=\"143f89c\" data-element_type=\"column\">\n\t\t\t<div class=\"elementor-widget-wrap elementor-element-populated\">\n\t\t\t\t\t\t<div class=\"elementor-element elementor-element-a37081d elementor-widget elementor-widget-text-editor\" data-id=\"a37081d\" data-element_type=\"widget\" data-widget_type=\"text-editor.default\">\n\t\t\t\t<div class=\"elementor-widget-container\">\n\t\t\t\t\t\t\t\t\t<p><strong><b>Patienteninformation und Einwilligungserkl\u00e4rung zum Datenschutz<\/b><\/strong><\/p><p>Sehr geehrte Patientin, sehr geehrter Patient,<\/p><p>der Schutz Ihrer personenbezogenen Daten ist uns wichtig.<\/p><p>Nach der EU-Datenschutz-Grundverordnung (DSGVO) sind wir verpflichtet, Sie dar\u00fcber zu informieren, zu welchem Zweck unsere Praxis Daten erhebt, speichert oder weiterleitet und welche Rechte f\u00fcr Sie damit verbunden sind.<\/p><p><strong><b>Verantwortlich f\u00fcr die Datenverarbeitung ist Praxis:<\/b><\/strong>\u00a0<\/p><p><strong><b>Praxis f\u00fcr Akupunktur und TCM<\/b><\/strong><strong><b>,\u00a0<\/b><\/strong><strong><b>\u00a0\u00a0\u00a0\u00a0Lederstrasse 98 72764 Reutlingen<\/b><\/strong><strong><b>\u00a0<\/b><\/strong><\/p><p><strong><b>Telefon :\u00a0<\/b><\/strong><strong><b>07121 5819250<\/b><\/strong><strong><b>\u00a0<\/b><\/strong><strong><b>\u00a0\u00a0\u00a0\u00a0\u00a0<\/b><\/strong><strong><b>E-Mail: info@<\/b><\/strong><strong><b>akupunktur-tcm-rt.de<\/b><\/strong>\u00a0<\/p><p><strong><b>Zweck der Datenverarbeitung<\/b><\/strong>\u00a0<\/p><p>Die Datenverarbeitung erfolgt aufgrund gesetzlicher Vorgaben, um den Behandlungsvertrag zwischen Ihnen und uns und die damit verbundenen Pflichten zu erf\u00fcllen. Die Erhebung dieser Daten erfolgt, \u00b7<\/p><p>um Sie als Patient identifizieren zu k\u00f6nnen \u00b7<\/p><p>\u2013um eine Diagnose stellen zu k\u00f6nnen \u00b7<\/p><p>\u2013um Sie angemessen behandeln und beraten zu k\u00f6nnen \u00b7<\/p><p>\u2013zur Korrespondenz mit Ihnen \u00b7<\/p><p>\u2013zur Rechnungsstellung \u00b7<\/p><p>\u2013zur Abwicklung von evtl. vorliegenden Haftungsanspr\u00fcchen sowie der Geltendmachung etwaiger Anspr\u00fcche aus dem Behandlungsvertrag<\/p><p><strong><b>Empf\u00e4nger Ihrer Daten<\/b><\/strong>\u00a0<\/p><p>Wir \u00fcbermitteln Ihre personenbezogenen Daten nur dann an Dritte, wenn dies gesetzlich erlaubt ist oder Sie eingewilligt haben. Empf\u00e4nger Ihrer personenbezogenen Daten k\u00f6nnen vor allem andere Therapeuten, Krankenkassen, Labore oder Abrechnungsstellen sein. Die \u00dcbermittlung erfolgt \u00fcberwiegend zum Zwecke der Abrechnung der bei Ihnen erbrachten Leistungen, zur Kl\u00e4rung von medizinischen und sich aus Ihrem Versicherungsverh\u00e4ltnis ergebenden Fragen. Im Einzelfall erfolgt die \u00dcbermittlung von Daten an weitere berechtigte Empf\u00e4nger.<\/p><p><strong><b>Speicherung Ihrer Daten<\/b><\/strong>\u00a0<\/p><p>Wir bewahren Ihre personenbezogenen Daten nur solange auf, wie dies gesetzlich erforderlich ist. Aufgrund rechtlicher Vorgaben z.B. aus steuerlichen Gr\u00fcnden, sind wir dazu verpflichtet, diese Daten mindestens zehn Jahre nach Abschluss der Behandlung aufzubewahren. Nach anderen Vorschriften k\u00f6nnen sich l\u00e4ngere Aufbewahrungsfristen ergeben.<\/p><p><strong><b>Ihre Rechte<\/b><\/strong>\u00a0<\/p><p>Sie haben das Recht, \u00fcber die Sie betreffenden personenbezogenen Daten Auskunft zu erhalten. Auch k\u00f6nnen Sie die Berichtigung unrichtiger Daten verlangen. Dar\u00fcber hinaus steht Ihnen unter bestimmten Voraussetzungen das Recht auf L\u00f6schung von Daten, das Recht auf Einschr\u00e4nkung der Datenverarbeitung sowie das Recht auf Daten\u00fcbertragbarkeit zu. Die Verarbeitung Ihrer Daten erfolgt auf Basis von gesetzlichen Regelungen. Nur in Ausnahmef\u00e4llen ben\u00f6tigen wir Ihr Einverst\u00e4ndnis. In diesen F\u00e4llen haben Sie das Recht, die Einwilligung f\u00fcr die zuk\u00fcnftige Verarbeitung zu widerrufen.<\/p><p>Widerspruchsrecht: Sofern Ihre personenbezogenen Daten auf Grundlage von berechtigten Interessen gem\u00e4\u00df Art. 6 Abs. 1 S. 1 lit. f DSGVO verarbeitet werden, haben Sie das Recht, gem\u00e4\u00df Art. 21 DSGVO Widerspruch gegen die Verarbeitung Ihrer personenbezogenen Daten einzulegen, soweit daf\u00fcr Gr\u00fcnde vorliegen, die sich aus Ihrer besonderen Situation ergeben. M\u00f6chten Sie von Ihrem Widerspruchsrecht Gebrauch machen, gen\u00fcgt eine E-Mail an uns. Sie haben ferner das Recht, sich bei der zust\u00e4ndigen Aufsichtsbeh\u00f6rde f\u00fcr den Datenschutz zu beschweren, wenn Sie der Ansicht sind, dass die Verarbeitung Ihrer personenbezogenen Daten nicht rechtm\u00e4\u00dfig erfolgt.<\/p><p><strong><b>Rechtliche Grundlagen<\/b><\/strong><\/p><p>Rechtsgrundlage f\u00fcr die Verarbeitung Ihrer Daten ist Artikel 9 Absatz 2 lit. h) DSGVO in Verbindung mit Paragraf 22 Absatz 1 Nr. 1 lit. b) Bundesdatenschutzgesetz. Sollten Sie Fragen haben, k\u00f6nnen Sie sich gern an uns wenden.<\/p><p>Ihre Heilpraktiker Praxis f\u00fcr Akupunktur und TCM\u00a0<\/p><p>Lederstra\u00dfe 98 72764 Reutlingen<\/p>\t\t\t\t\t\t\t\t<\/div>\n\t\t\t\t<\/div>\n\t\t\t\t\t<\/div>\n\t\t<\/div>\n\t\t\t\t\t<\/div>\n\t\t<\/section>\n\t\t\t\t<\/div>\n\t\t","protected":false},"excerpt":{"rendered":"<p>Patienteninformation und Einwilligungserkl\u00e4rung zum Dat&hellip;&nbsp;<a href=\"https:\/\/akupunktur-tcm-rt.de\/index.php\/datenschutz\/\" class=\"\" rel=\"bookmark\">\u9605\u8bfb\u66f4\u591a &raquo;<span class=\"screen-reader-text\">Datenschutz<\/span><\/a><\/p>\n","protected":false},"author":1,"featured_media":0,"parent":0,"menu_order":0,"comment_status":"closed","ping_status":"closed","template":"","meta":{"neve_meta_sidebar":"","neve_meta_container":"","neve_meta_enable_content_width":"","neve_meta_content_width":0,"neve_meta_title_alignment":"","neve_meta_author_avatar":"","neve_post_elements_order":"","neve_meta_disable_header":"","neve_meta_disable_footer":"","neve_meta_disable_title":"","footnotes":""},"_links":{"self":[{"href":"https:\/\/akupunktur-tcm-rt.de\/index.php\/wp-json\/wp\/v2\/pages\/1743"}],"collection":[{"href":"https:\/\/akupunktur-tcm-rt.de\/index.php\/wp-json\/wp\/v2\/pages"}],"about":[{"href":"https:\/\/akupunktur-tcm-rt.de\/index.php\/wp-json\/wp\/v2\/types\/page"}],"author":[{"embeddable":true,"href":"https:\/\/akupunktur-tcm-rt.de\/index.php\/wp-json\/wp\/v2\/users\/1"}],"replies":[{"embeddable":true,"href":"https:\/\/akupunktur-tcm-rt.de\/index.php\/wp-json\/wp\/v2\/comments?post=1743"}],"version-history":[{"count":10,"href":"https:\/\/akupunktur-tcm-rt.de\/index.php\/wp-json\/wp\/v2\/pages\/1743\/revisions"}],"predecessor-version":[{"id":2257,"href":"https:\/\/akupunktur-tcm-rt.de\/index.php\/wp-json\/wp\/v2\/pages\/1743\/revisions\/2257"}],"wp:attachment":[{"href":"https:\/\/akupunktur-tcm-rt.de\/index.php\/wp-json\/wp\/v2\/media?parent=1743"}],"curies":[{"name":"wp","href":"https:\/\/api.w.org\/{rel}","templated":true}]}}