{"id":1598,"date":"2022-07-20T11:59:38","date_gmt":"2022-07-20T09:59:38","guid":{"rendered":"https:\/\/akupunktur-tcm-rt.de\/?page_id=1598"},"modified":"2025-10-30T16:13:35","modified_gmt":"2025-10-30T15:13:35","slug":"uber-mich","status":"publish","type":"page","link":"https:\/\/akupunktur-tcm-rt.de\/index.php\/uber-mich\/","title":{"rendered":""},"content":{"rendered":"\t\t<div data-elementor-type=\"wp-page\" data-elementor-id=\"1598\" class=\"elementor elementor-1598\">\n\t\t\t\t\t\t<section class=\"elementor-section elementor-top-section elementor-element elementor-element-9d2aa00 elementor-section-boxed elementor-section-height-default elementor-section-height-default\" data-id=\"9d2aa00\" data-element_type=\"section\">\n\t\t\t\t\t\t<div class=\"elementor-container elementor-column-gap-default\">\n\t\t\t\t\t<div class=\"elementor-column elementor-col-100 elementor-top-column elementor-element elementor-element-4dc728d\" data-id=\"4dc728d\" data-element_type=\"column\">\n\t\t\t<div class=\"elementor-widget-wrap elementor-element-populated\">\n\t\t\t\t\t\t<div class=\"elementor-element elementor-element-afd020c elementor-widget elementor-widget-heading\" data-id=\"afd020c\" data-element_type=\"widget\" data-widget_type=\"heading.default\">\n\t\t\t\t<div class=\"elementor-widget-container\">\n\t\t\t\t\t<h2 class=\"elementor-heading-title elementor-size-default\">\u00dcber uns<\/h2>\t\t\t\t<\/div>\n\t\t\t\t<\/div>\n\t\t\t\t\t<\/div>\n\t\t<\/div>\n\t\t\t\t\t<\/div>\n\t\t<\/section>\n\t\t\t\t<section class=\"elementor-section elementor-top-section elementor-element elementor-element-3277025 elementor-section-boxed elementor-section-height-default elementor-section-height-default\" data-id=\"3277025\" data-element_type=\"section\">\n\t\t\t\t\t\t<div class=\"elementor-container elementor-column-gap-default\">\n\t\t\t\t\t<div class=\"elementor-column elementor-col-50 elementor-top-column elementor-element elementor-element-0a496b7\" data-id=\"0a496b7\" data-element_type=\"column\">\n\t\t\t<div class=\"elementor-widget-wrap elementor-element-populated\">\n\t\t\t\t\t\t<div class=\"elementor-element elementor-element-36c0089 elementor-widget elementor-widget-image\" data-id=\"36c0089\" data-element_type=\"widget\" data-widget_type=\"image.default\">\n\t\t\t\t<div class=\"elementor-widget-container\">\n\t\t\t\t\t\t\t\t\t\t\t\t\t\t\t<img decoding=\"async\" src=\"https:\/\/akupunktur-tcm-rt.de\/wp-content\/uploads\/2025\/01\/\u6355\u83b7.jpg\" title=\"\u6355\u83b7\" alt=\"\u6355\u83b7\" loading=\"lazy\" \/>\t\t\t\t\t\t\t\t\t\t\t\t\t\t\t<\/div>\n\t\t\t\t<\/div>\n\t\t\t\t\t<\/div>\n\t\t<\/div>\n\t\t\t\t<div class=\"elementor-column elementor-col-50 elementor-top-column elementor-element elementor-element-2cd22bb\" data-id=\"2cd22bb\" data-element_type=\"column\">\n\t\t\t<div class=\"elementor-widget-wrap elementor-element-populated\">\n\t\t\t\t\t\t<div class=\"elementor-element elementor-element-1e6c06e elementor-widget elementor-widget-image\" data-id=\"1e6c06e\" data-element_type=\"widget\" data-widget_type=\"image.default\">\n\t\t\t\t<div class=\"elementor-widget-container\">\n\t\t\t\t\t\t\t\t\t\t\t\t\t\t\t<img fetchpriority=\"high\" decoding=\"async\" width=\"229\" height=\"300\" src=\"https:\/\/akupunktur-tcm-rt.de\/wp-content\/uploads\/2025\/03\/Jialong-2-1-229x300.jpg\" class=\"attachment-medium size-medium wp-image-2409\" alt=\"\" srcset=\"https:\/\/akupunktur-tcm-rt.de\/wp-content\/uploads\/2025\/03\/Jialong-2-1-229x300.jpg 229w, https:\/\/akupunktur-tcm-rt.de\/wp-content\/uploads\/2025\/03\/Jialong-2-1.jpg 652w\" sizes=\"(max-width: 229px) 100vw, 229px\" \/>\t\t\t\t\t\t\t\t\t\t\t\t\t\t\t<\/div>\n\t\t\t\t<\/div>\n\t\t\t\t\t<\/div>\n\t\t<\/div>\n\t\t\t\t\t<\/div>\n\t\t<\/section>\n\t\t\t\t<section class=\"elementor-section elementor-top-section elementor-element elementor-element-1d27779 elementor-section-boxed elementor-section-height-default elementor-section-height-default\" data-id=\"1d27779\" data-element_type=\"section\">\n\t\t\t\t\t\t<div class=\"elementor-container elementor-column-gap-default\">\n\t\t\t\t\t<div class=\"elementor-column elementor-col-100 elementor-top-column elementor-element elementor-element-9f7077a\" data-id=\"9f7077a\" data-element_type=\"column\">\n\t\t\t<div class=\"elementor-widget-wrap\">\n\t\t\t\t\t\t\t<\/div>\n\t\t<\/div>\n\t\t\t\t\t<\/div>\n\t\t<\/section>\n\t\t\t\t<section class=\"elementor-section elementor-top-section elementor-element elementor-element-0b9f239 elementor-section-boxed elementor-section-height-default elementor-section-height-default\" data-id=\"0b9f239\" data-element_type=\"section\">\n\t\t\t\t\t\t<div class=\"elementor-container elementor-column-gap-default\">\n\t\t\t\t\t<div class=\"elementor-column elementor-col-50 elementor-top-column elementor-element elementor-element-65b912e\" data-id=\"65b912e\" data-element_type=\"column\">\n\t\t\t<div class=\"elementor-widget-wrap elementor-element-populated\">\n\t\t\t\t\t\t<div class=\"elementor-element elementor-element-6cb4d60 elementor-widget elementor-widget-text-editor\" data-id=\"6cb4d60\" data-element_type=\"widget\" data-widget_type=\"text-editor.default\">\n\t\t\t\t<div class=\"elementor-widget-container\">\n\t\t\t\t\t\t\t\t\t<div class=\"elementor-element elementor-element-44ce5982 elementor-widget elementor-widget-text-editor\" data-id=\"44ce5982\" data-element_type=\"widget\" data-widget_type=\"text-editor.default\"><div class=\"elementor-widget-container\"><p><strong>Frau Shijuan Cui<\/strong><\/p><p><strong>Heilpraktikerin\/Master of Science<\/strong><\/p><\/div><\/div><div class=\"elementor-element elementor-element-e56ab06 elementor-widget elementor-widget-text-editor\" data-id=\"e56ab06\" data-element_type=\"widget\" data-widget_type=\"text-editor.default\"><div class=\"elementor-widget-container\"><p>1991\u2013 1996 \u00a0Studium an der Capital Medical University school of Traditional Chinese Medicine , Fachrichtung Chinesche Medizin,<\/p><p>Abschluss: \u00a0Bachelor of Traditional Chinese Medicine \u00a0<\/p><p>1996 \u2014 2000 \u00a0\u00c4rztin Akupunktur-Abteilung beim\u00a0Beijing Huguosi Hospital of Traditional Chinese Medicine (lehrkrankenhaus vom Beijing University of Chinese Medicine) sowie Weiterbildung in innerer Medizin von TCM am Beijing Reserch Institute of TCM vom Beijing Hospital of Traditional Chinese Medicine<\/p><p>2001 \u2014 2002 \u00a0Arzthilferin an der Akupunkturpraxis Ke Jiang in Paderborn<\/p><p>2002 \u2014 2003 \u00a0Studium Human Medizin an der Freie Universit\u00e4t Berlin<\/p><p>2003 \u2014 2005 \u00a0Studium Biomedical Engineering (BME) an der<\/p><p>FH-Albstadt-Sigmaringen, Abschluss: Master of Science\u00a0\u00a0\u00a0\u00a0\u00a0\u00a0<\/p><p>2015 \u2013 Jan. 2016 \u00a0Heilpratikerpr\u00fcfung<\/p><p>2016 &#8212; jetzt Heilpraktiker bei Praxis f\u00fcr Akupunktur und TCM<\/p><\/div><\/div>\t\t\t\t\t\t\t\t<\/div>\n\t\t\t\t<\/div>\n\t\t\t\t\t<\/div>\n\t\t<\/div>\n\t\t\t\t<div class=\"elementor-column elementor-col-50 elementor-top-column elementor-element elementor-element-4f03677\" data-id=\"4f03677\" data-element_type=\"column\">\n\t\t\t<div class=\"elementor-widget-wrap elementor-element-populated\">\n\t\t\t\t\t\t<div class=\"elementor-element elementor-element-4b05a82 elementor-widget elementor-widget-text-editor\" data-id=\"4b05a82\" data-element_type=\"widget\" data-widget_type=\"text-editor.default\">\n\t\t\t\t<div class=\"elementor-widget-container\">\n\t\t\t\t\t\t\t\t\t<p><strong>Herr Jialong Deng<\/strong><\/p><p><strong>Heilpraktiker \/ Bachelor of Chinese Medicine<\/strong><\/p><p>1991\u2013 1996 \u00a0Studium an der Capital Medical University school of Traditional Chinese Medicine , Fachrichtung Chinesche Medizin,<\/p><p>Abschluss: \u00a0Bachelor of Traditional Chinese Medicine \u00a0<\/p><p>Er war registriert Arzt( innerer Medizin von TCM), und hat er bei dem Beijing Hospital of Traditional Chinese Medicine gearbeitet.<\/p><p>Mehre J\u00e4hrigen T\u00e4tigkeit als Assistent bei seinem Vater&#8211;Herr Guicheng Deng und seiner Mutter Zhufeng Zhang.\u00a0 Herr Guicheng Deng und Frau Zhufeng Zhang geh\u00f6ren zu den renommierte TCM \u00c4rzten und \u00c4rztinnen in China.\u00a0 \u00a0 \u00a0<\/p><p>Herr Deng arbeitet als chin. Dr.\u00a0 von Montag bis Dienstag in der TCM Klinik Illertal.\u00a0<\/p><p>Herr Deng ist von Mittwoch bis Freitag in Reutlingen. (Termin nach Vereinbarung)<\/p>\t\t\t\t\t\t\t\t<\/div>\n\t\t\t\t<\/div>\n\t\t\t\t\t<\/div>\n\t\t<\/div>\n\t\t\t\t\t<\/div>\n\t\t<\/section>\n\t\t\t\t<\/div>\n\t\t","protected":false},"excerpt":{"rendered":"<p>\u00dcber uns Frau Shijuan Cui Heilpraktikerin\/Master of Sci&hellip;&nbsp;<a href=\"https:\/\/akupunktur-tcm-rt.de\/index.php\/uber-mich\/\" class=\"\" rel=\"bookmark\">\u9605\u8bfb\u66f4\u591a &raquo;<span class=\"screen-reader-text\"><\/span><\/a><\/p>\n","protected":false},"author":1,"featured_media":0,"parent":0,"menu_order":0,"comment_status":"closed","ping_status":"closed","template":"","meta":{"neve_meta_sidebar":"","neve_meta_container":"","neve_meta_enable_content_width":"","neve_meta_content_width":0,"neve_meta_title_alignment":"","neve_meta_author_avatar":"","neve_post_elements_order":"","neve_meta_disable_header":"","neve_meta_disable_footer":"","neve_meta_disable_title":"","footnotes":""},"_links":{"self":[{"href":"https:\/\/akupunktur-tcm-rt.de\/index.php\/wp-json\/wp\/v2\/pages\/1598"}],"collection":[{"href":"https:\/\/akupunktur-tcm-rt.de\/index.php\/wp-json\/wp\/v2\/pages"}],"about":[{"href":"https:\/\/akupunktur-tcm-rt.de\/index.php\/wp-json\/wp\/v2\/types\/page"}],"author":[{"embeddable":true,"href":"https:\/\/akupunktur-tcm-rt.de\/index.php\/wp-json\/wp\/v2\/users\/1"}],"replies":[{"embeddable":true,"href":"https:\/\/akupunktur-tcm-rt.de\/index.php\/wp-json\/wp\/v2\/comments?post=1598"}],"version-history":[{"count":89,"href":"https:\/\/akupunktur-tcm-rt.de\/index.php\/wp-json\/wp\/v2\/pages\/1598\/revisions"}],"predecessor-version":[{"id":2454,"href":"https:\/\/akupunktur-tcm-rt.de\/index.php\/wp-json\/wp\/v2\/pages\/1598\/revisions\/2454"}],"wp:attachment":[{"href":"https:\/\/akupunktur-tcm-rt.de\/index.php\/wp-json\/wp\/v2\/media?parent=1598"}],"curies":[{"name":"wp","href":"https:\/\/api.w.org\/{rel}","templated":true}]}}