{"id":1563,"date":"2022-07-20T11:02:21","date_gmt":"2022-07-20T09:02:21","guid":{"rendered":"https:\/\/akupunktur-tcm-rt.de\/?page_id=1563"},"modified":"2024-05-31T10:01:34","modified_gmt":"2024-05-31T08:01:34","slug":"familientradition","status":"publish","type":"page","link":"https:\/\/akupunktur-tcm-rt.de\/index.php\/familientradition\/","title":{"rendered":"Familientradition"},"content":{"rendered":"\t\t<div data-elementor-type=\"wp-page\" data-elementor-id=\"1563\" class=\"elementor elementor-1563\">\n\t\t\t\t\t\t<section class=\"elementor-section elementor-top-section elementor-element elementor-element-4617222 elementor-section-boxed elementor-section-height-default elementor-section-height-default\" data-id=\"4617222\" data-element_type=\"section\">\n\t\t\t\t\t\t<div class=\"elementor-container elementor-column-gap-default\">\n\t\t\t\t\t<div class=\"elementor-column elementor-col-100 elementor-top-column elementor-element elementor-element-87d6a75\" data-id=\"87d6a75\" data-element_type=\"column\">\n\t\t\t<div class=\"elementor-widget-wrap\">\n\t\t\t\t\t\t\t<\/div>\n\t\t<\/div>\n\t\t\t\t\t<\/div>\n\t\t<\/section>\n\t\t\t\t<section class=\"elementor-section elementor-top-section elementor-element elementor-element-4a7b1e2 elementor-section-boxed elementor-section-height-default elementor-section-height-default\" data-id=\"4a7b1e2\" data-element_type=\"section\">\n\t\t\t\t\t\t<div class=\"elementor-container elementor-column-gap-default\">\n\t\t\t\t\t<div class=\"elementor-column elementor-col-50 elementor-top-column elementor-element elementor-element-39bc674\" data-id=\"39bc674\" data-element_type=\"column\">\n\t\t\t<div class=\"elementor-widget-wrap elementor-element-populated\">\n\t\t\t\t\t\t<div class=\"elementor-element elementor-element-172156a elementor-widget elementor-widget-image\" data-id=\"172156a\" data-element_type=\"widget\" data-widget_type=\"image.default\">\n\t\t\t\t<div class=\"elementor-widget-container\">\n\t\t\t\t\t\t\t\t\t\t\t\t\t\t\t<img fetchpriority=\"high\" decoding=\"async\" width=\"198\" height=\"300\" src=\"https:\/\/akupunktur-tcm-rt.de\/wp-content\/uploads\/2022\/07\/dengguicheng1-198x300.jpg\" class=\"attachment-medium size-medium wp-image-1571\" alt=\"\" srcset=\"https:\/\/akupunktur-tcm-rt.de\/wp-content\/uploads\/2022\/07\/dengguicheng1-198x300.jpg 198w, https:\/\/akupunktur-tcm-rt.de\/wp-content\/uploads\/2022\/07\/dengguicheng1.jpg 400w\" sizes=\"(max-width: 198px) 100vw, 198px\" \/>\t\t\t\t\t\t\t\t\t\t\t\t\t\t\t<\/div>\n\t\t\t\t<\/div>\n\t\t\t\t\t<\/div>\n\t\t<\/div>\n\t\t\t\t<div class=\"elementor-column elementor-col-50 elementor-top-column elementor-element elementor-element-92a1ffc\" data-id=\"92a1ffc\" data-element_type=\"column\">\n\t\t\t<div class=\"elementor-widget-wrap elementor-element-populated\">\n\t\t\t\t\t\t<div class=\"elementor-element elementor-element-5c16ddd elementor-widget elementor-widget-text-editor\" data-id=\"5c16ddd\" data-element_type=\"widget\" data-widget_type=\"text-editor.default\">\n\t\t\t\t<div class=\"elementor-widget-container\">\n\t\t\t\t\t\t\t\t\t<p>Traditionelle chinesische Medizin als Familientradition<\/p><p>Traditionelle chinesische Medizin ist kein klassisches Unterrichtsfach. Viele Faktoren und eine Menge Erfahrung spielen bei der Lehre eine Rolle und somit ist es unabdingbar, bei einem oder mehreren Meistern des Fachs als Sch\u00fcler die theoretischen Erkenntnisse mit Praxis zu untermauern. Dabei beobachtet man den Behandlungsprozess eines Patienten durch den Meister und erlernt seine Rezepte mit Heilkr\u00e4utern und der Akupunktur, sowie seine Analyseverfahren und Gedankeng\u00e4nge, um sie sp\u00e4ter auf die eigene Methodik zu \u00fcbertragen.<\/p><p>Einer von den besten Meistern Herr Guicheng Deng, ist ein sehr renommierter TCM-Mediziner in Beijing und gleichzeitig Schwiegervater von Shijuan Cui und Vater von Jialong Deng. Er war Oberarzt und Abteilungsleiter der inneren Medizin beim XuanWu TCM Hospital Beijing, dem Lehrkrankenhaus der Beijing University of Chinese Medicine und der Capital Medical University. Aufgrund seiner ausgezeichneten Heilk\u00fcnste und langj\u00e4hrigen klinischen Erfahrungen von \u00fcber 50 Jahren, bekam er von der Beijing Administration of Traditional Chinese Medicine und der Beijing Municipal Commission of Health and Family Planning im August 2017 den Titel \u201eCapital TCM femous doctor\u201c verliehen.<\/p><p>Bei Herrn Guicheng Deng k\u00f6nnen wir das Wissen zu klinischen Behandlungsmethodik erweitern und er gew\u00e4hrte uns einen tiefen Einblick in seinen Erfahrungsschatz der traditionellen chinesischen Medizin. Noch heute stehen wir im regen Austausch, wof\u00fcr wir ihm sehr dankbar sind.<\/p><p>TCM Diagnose<\/p><p>In der traditionellen chinesischen Medizin betrachtet man den menschlichen K\u00f6rper als eine Einheit: Wenn die inneren Organe krank sind, ist dies von au\u00dfen sichtbar. Die Feststellung der Symptome ist essenziell wichtig f\u00fcr eine erfolgreiche Behandlung und die Wahl der passenden Therapie. Bereits vor zirka 1700 Jahren wurde das diagnostische System der TCM perfektioniert und umfasst vier klassische Diagnose-Verfahren zur systematischen Analyse der jeweiligen Ursachen von den Beschwerden des Patienten:<\/p><p>\u2013 Betrachten (Gesicht- und Zungendiagnose)<\/p><p>\u2013 H\u00f6ren und Riechen<\/p><p>\u2013 Befragung des Patienten (Anamnese)<\/p><p>\u2013 Tasten (Pulsdiagnose).<\/p><p>Im ersten Gespr\u00e4ch mit dem Patienten wird dessen Gesamtkonstitution mit diesen vier Analyseverfahren beurteilt. Wir nehmen uns ausreichend Zeit f\u00fcr die ausf\u00fchrliche Anamnese. Diese Diagnostik dient aber nicht nur der Feststellung der notwendigen Behandlung, sie ist fester Bestandteil der Therapie, um einen positiven Verlauf zu garantieren und um gegebenenfalls Anpassungen in der Methodik vorzunehmen.<\/p>\t\t\t\t\t\t\t\t<\/div>\n\t\t\t\t<\/div>\n\t\t\t\t\t<\/div>\n\t\t<\/div>\n\t\t\t\t\t<\/div>\n\t\t<\/section>\n\t\t\t\t<\/div>\n\t\t","protected":false},"excerpt":{"rendered":"<p>Traditionelle chinesische Medizin als Familientradition&hellip;&nbsp;<a href=\"https:\/\/akupunktur-tcm-rt.de\/index.php\/familientradition\/\" class=\"\" rel=\"bookmark\">\u9605\u8bfb\u66f4\u591a &raquo;<span class=\"screen-reader-text\">Familientradition<\/span><\/a><\/p>\n","protected":false},"author":1,"featured_media":0,"parent":0,"menu_order":0,"comment_status":"closed","ping_status":"closed","template":"","meta":{"neve_meta_sidebar":"","neve_meta_container":"","neve_meta_enable_content_width":"","neve_meta_content_width":0,"neve_meta_title_alignment":"","neve_meta_author_avatar":"","neve_post_elements_order":"","neve_meta_disable_header":"","neve_meta_disable_footer":"","neve_meta_disable_title":"","footnotes":""},"_links":{"self":[{"href":"https:\/\/akupunktur-tcm-rt.de\/index.php\/wp-json\/wp\/v2\/pages\/1563"}],"collection":[{"href":"https:\/\/akupunktur-tcm-rt.de\/index.php\/wp-json\/wp\/v2\/pages"}],"about":[{"href":"https:\/\/akupunktur-tcm-rt.de\/index.php\/wp-json\/wp\/v2\/types\/page"}],"author":[{"embeddable":true,"href":"https:\/\/akupunktur-tcm-rt.de\/index.php\/wp-json\/wp\/v2\/users\/1"}],"replies":[{"embeddable":true,"href":"https:\/\/akupunktur-tcm-rt.de\/index.php\/wp-json\/wp\/v2\/comments?post=1563"}],"version-history":[{"count":16,"href":"https:\/\/akupunktur-tcm-rt.de\/index.php\/wp-json\/wp\/v2\/pages\/1563\/revisions"}],"predecessor-version":[{"id":2316,"href":"https:\/\/akupunktur-tcm-rt.de\/index.php\/wp-json\/wp\/v2\/pages\/1563\/revisions\/2316"}],"wp:attachment":[{"href":"https:\/\/akupunktur-tcm-rt.de\/index.php\/wp-json\/wp\/v2\/media?parent=1563"}],"curies":[{"name":"wp","href":"https:\/\/api.w.org\/{rel}","templated":true}]}}